{"id":1505,"date":"2025-07-07T08:43:35","date_gmt":"2025-07-07T08:43:35","guid":{"rendered":"https:\/\/stilocasa.es\/?page_id=1505"},"modified":"2025-07-07T08:43:35","modified_gmt":"2025-07-07T08:43:35","slug":"aviso-legal","status":"publish","type":"page","link":"https:\/\/stilocasa.es\/en\/aviso-legal\/","title":{"rendered":"AVISO LEGAL"},"content":{"rendered":"<p><strong>Titular del sitio web:<\/strong><br>Cristina Fern\u00e1ndez Due\u00f1as<br>NIF: 30995828Q<br>Domicilio: Cuesta Chamorras 18, Loja (Granada)<br>Correo electr\u00f3nico: <a>stilocasainfo@gmail.com<\/a><br>Dominio: <a class=\"\" href=\"https:\/\/stilocasa.es\/en\/\">www.stilocasa.es<\/a><\/p>\n\n\n\n<p><strong>Objeto:<\/strong><br>Este sitio web tiene como finalidad la comercializaci\u00f3n de productos de mobiliario y decoraci\u00f3n. Su uso est\u00e1 sujeto a las condiciones establecidas en este aviso legal.<\/p>\n\n\n\n<p><strong>Condiciones de uso:<\/strong><br>El acceso y navegaci\u00f3n por esta web atribuyen la condici\u00f3n de usuario e implican la aceptaci\u00f3n plena y sin reservas de todas las disposiciones del presente Aviso Legal.<\/p>\n\n\n\n<p><strong>Propiedad intelectual e industrial:<\/strong><br>Todos los contenidos de este sitio web, incluidos textos, im\u00e1genes, logotipos, dise\u00f1os, etc., est\u00e1n protegidos por derechos de propiedad intelectual e industrial. No se permite su reproducci\u00f3n sin autorizaci\u00f3n expresa.<\/p>\n\n\n\n<p><strong>Responsabilidad:<\/strong><br>La titular no se hace responsable de posibles errores en los contenidos ni de da\u00f1os derivados del uso del sitio web o de los enlaces externos a terceros.<\/p>","protected":false},"excerpt":{"rendered":"<p>Titular del sitio web:Cristina Fern\u00e1ndez Due\u00f1asNIF: 30995828QDomicilio: Cuesta Chamorras 18, Loja (Granada)Correo electr\u00f3nico: stilocasainfo@gmail.comDominio: www.stilocasa.es Objeto:Este sitio web tiene como finalidad la comercializaci\u00f3n de productos de mobiliario y decoraci\u00f3n. Su uso est\u00e1 sujeto a las condiciones establecidas en este aviso legal. Condiciones de uso:El acceso y navegaci\u00f3n por esta web atribuyen la condici\u00f3n de usuario e implican la aceptaci\u00f3n plena y sin reservas de todas las disposiciones del presente Aviso Legal. Propiedad intelectual e industrial:Todos los contenidos de este sitio web, incluidos textos, im\u00e1genes, logotipos, dise\u00f1os, etc., est\u00e1n protegidos por derechos de propiedad intelectual e industrial. No se permite su reproducci\u00f3n sin autorizaci\u00f3n expresa. Responsabilidad:La titular no se hace responsable de posibles errores en los contenidos ni de da\u00f1os derivados del uso del sitio web o de los enlaces externos a terceros.<\/p>","protected":false},"author":1,"featured_media":0,"parent":0,"menu_order":0,"comment_status":"closed","ping_status":"closed","template":"","meta":{"footnotes":""},"class_list":["post-1505","page","type-page","status-publish","hentry"],"yoast_head":"<!-- This site is optimized with the Yoast SEO plugin v27.4 - https:\/\/yoast.com\/product\/yoast-seo-wordpress\/ -->\n<title>AVISO LEGAL - Stilocasa<\/title>\n<meta name=\"robots\" content=\"index, follow, max-snippet:-1, max-image-preview:large, max-video-preview:-1\" \/>\n<link rel=\"canonical\" href=\"https:\/\/stilocasa.es\/en\/aviso-legal\/\" \/>\n<meta property=\"og:locale\" content=\"en_GB\" \/>\n<meta property=\"og:type\" content=\"article\" \/>\n<meta property=\"og:title\" content=\"AVISO LEGAL - Stilocasa\" \/>\n<meta property=\"og:description\" content=\"Titular del sitio web:Cristina Fern\u00e1ndez Due\u00f1asNIF: 30995828QDomicilio: Cuesta Chamorras 18, Loja (Granada)Correo electr\u00f3nico: stilocasainfo@gmail.comDominio: www.stilocasa.es Objeto:Este sitio web tiene como finalidad la comercializaci\u00f3n de productos de mobiliario y decoraci\u00f3n. Su uso est\u00e1 sujeto a las condiciones establecidas en este aviso legal. Condiciones de uso:El acceso y navegaci\u00f3n por esta web atribuyen la condici\u00f3n de usuario e implican la aceptaci\u00f3n plena y sin reservas de todas las disposiciones del presente Aviso Legal. Propiedad intelectual e industrial:Todos los contenidos de este sitio web, incluidos textos, im\u00e1genes, logotipos, dise\u00f1os, etc., est\u00e1n protegidos por derechos de propiedad intelectual e industrial. No se permite su reproducci\u00f3n sin autorizaci\u00f3n expresa. Responsabilidad:La titular no se hace responsable de posibles errores en los contenidos ni de da\u00f1os derivados del uso del sitio web o de los enlaces externos a terceros.\" \/>\n<meta property=\"og:url\" content=\"https:\/\/stilocasa.es\/en\/aviso-legal\/\" \/>\n<meta property=\"og:site_name\" content=\"Stilocasa\" \/>\n<meta name=\"twitter:card\" content=\"summary_large_image\" \/>\n<meta name=\"twitter:label1\" content=\"Estimated reading time\" \/>\n\t<meta name=\"twitter:data1\" content=\"1 minute\" \/>\n<script type=\"application\/ld+json\" class=\"yoast-schema-graph\">{\"@context\":\"https:\\\/\\\/schema.org\",\"@graph\":[{\"@type\":\"WebPage\",\"@id\":\"https:\\\/\\\/stilocasa.es\\\/aviso-legal\\\/\",\"url\":\"https:\\\/\\\/stilocasa.es\\\/aviso-legal\\\/\",\"name\":\"AVISO LEGAL - Stilocasa\",\"isPartOf\":{\"@id\":\"https:\\\/\\\/darkseagreen-echidna-897378.hostingersite.com\\\/#website\"},\"datePublished\":\"2025-07-07T08:43:35+00:00\",\"breadcrumb\":{\"@id\":\"https:\\\/\\\/stilocasa.es\\\/aviso-legal\\\/#breadcrumb\"},\"inLanguage\":\"en-GB\",\"potentialAction\":[{\"@type\":\"ReadAction\",\"target\":[\"https:\\\/\\\/stilocasa.es\\\/aviso-legal\\\/\"]}]},{\"@type\":\"BreadcrumbList\",\"@id\":\"https:\\\/\\\/stilocasa.es\\\/aviso-legal\\\/#breadcrumb\",\"itemListElement\":[{\"@type\":\"ListItem\",\"position\":1,\"name\":\"Portada\",\"item\":\"https:\\\/\\\/stilocasa.es\\\/\"},{\"@type\":\"ListItem\",\"position\":2,\"name\":\"AVISO LEGAL\"}]},{\"@type\":\"WebSite\",\"@id\":\"https:\\\/\\\/darkseagreen-echidna-897378.hostingersite.com\\\/#website\",\"url\":\"https:\\\/\\\/darkseagreen-echidna-897378.hostingersite.com\\\/\",\"name\":\"Stilocasa\",\"description\":\"Tienda online de muebles\",\"potentialAction\":[{\"@type\":\"SearchAction\",\"target\":{\"@type\":\"EntryPoint\",\"urlTemplate\":\"https:\\\/\\\/darkseagreen-echidna-897378.hostingersite.com\\\/?s={search_term_string}\"},\"query-input\":{\"@type\":\"PropertyValueSpecification\",\"valueRequired\":true,\"valueName\":\"search_term_string\"}}],\"inLanguage\":\"en-GB\"}]}<\/script>\n<!-- \/ Yoast SEO plugin. -->","yoast_head_json":{"title":"AVISO LEGAL - Stilocasa","robots":{"index":"index","follow":"follow","max-snippet":"max-snippet:-1","max-image-preview":"max-image-preview:large","max-video-preview":"max-video-preview:-1"},"canonical":"https:\/\/stilocasa.es\/en\/aviso-legal\/","og_locale":"en_GB","og_type":"article","og_title":"AVISO LEGAL - Stilocasa","og_description":"Titular del sitio web:Cristina Fern\u00e1ndez Due\u00f1asNIF: 30995828QDomicilio: Cuesta Chamorras 18, Loja (Granada)Correo electr\u00f3nico: stilocasainfo@gmail.comDominio: www.stilocasa.es Objeto:Este sitio web tiene como finalidad la comercializaci\u00f3n de productos de mobiliario y decoraci\u00f3n. Su uso est\u00e1 sujeto a las condiciones establecidas en este aviso legal. Condiciones de uso:El acceso y navegaci\u00f3n por esta web atribuyen la condici\u00f3n de usuario e implican la aceptaci\u00f3n plena y sin reservas de todas las disposiciones del presente Aviso Legal. Propiedad intelectual e industrial:Todos los contenidos de este sitio web, incluidos textos, im\u00e1genes, logotipos, dise\u00f1os, etc., est\u00e1n protegidos por derechos de propiedad intelectual e industrial. No se permite su reproducci\u00f3n sin autorizaci\u00f3n expresa. Responsabilidad:La titular no se hace responsable de posibles errores en los contenidos ni de da\u00f1os derivados del uso del sitio web o de los enlaces externos a terceros.","og_url":"https:\/\/stilocasa.es\/en\/aviso-legal\/","og_site_name":"Stilocasa","twitter_card":"summary_large_image","twitter_misc":{"Estimated reading time":"1 minute"},"schema":{"@context":"https:\/\/schema.org","@graph":[{"@type":"WebPage","@id":"https:\/\/stilocasa.es\/aviso-legal\/","url":"https:\/\/stilocasa.es\/aviso-legal\/","name":"AVISO LEGAL - Stilocasa","isPartOf":{"@id":"https:\/\/darkseagreen-echidna-897378.hostingersite.com\/#website"},"datePublished":"2025-07-07T08:43:35+00:00","breadcrumb":{"@id":"https:\/\/stilocasa.es\/aviso-legal\/#breadcrumb"},"inLanguage":"en-GB","potentialAction":[{"@type":"ReadAction","target":["https:\/\/stilocasa.es\/aviso-legal\/"]}]},{"@type":"BreadcrumbList","@id":"https:\/\/stilocasa.es\/aviso-legal\/#breadcrumb","itemListElement":[{"@type":"ListItem","position":1,"name":"Portada","item":"https:\/\/stilocasa.es\/"},{"@type":"ListItem","position":2,"name":"AVISO LEGAL"}]},{"@type":"WebSite","@id":"https:\/\/darkseagreen-echidna-897378.hostingersite.com\/#website","url":"https:\/\/darkseagreen-echidna-897378.hostingersite.com\/","name":"Stilocasa","description":"Tienda online de muebles","potentialAction":[{"@type":"SearchAction","target":{"@type":"EntryPoint","urlTemplate":"https:\/\/darkseagreen-echidna-897378.hostingersite.com\/?s={search_term_string}"},"query-input":{"@type":"PropertyValueSpecification","valueRequired":true,"valueName":"search_term_string"}}],"inLanguage":"en-GB"}]}},"acf":[],"jetpack_sharing_enabled":true,"_links":{"self":[{"href":"https:\/\/stilocasa.es\/en\/wp-json\/wp\/v2\/pages\/1505","targetHints":{"allow":["GET"]}}],"collection":[{"href":"https:\/\/stilocasa.es\/en\/wp-json\/wp\/v2\/pages"}],"about":[{"href":"https:\/\/stilocasa.es\/en\/wp-json\/wp\/v2\/types\/page"}],"author":[{"embeddable":true,"href":"https:\/\/stilocasa.es\/en\/wp-json\/wp\/v2\/users\/1"}],"replies":[{"embeddable":true,"href":"https:\/\/stilocasa.es\/en\/wp-json\/wp\/v2\/comments?post=1505"}],"version-history":[{"count":1,"href":"https:\/\/stilocasa.es\/en\/wp-json\/wp\/v2\/pages\/1505\/revisions"}],"predecessor-version":[{"id":1506,"href":"https:\/\/stilocasa.es\/en\/wp-json\/wp\/v2\/pages\/1505\/revisions\/1506"}],"wp:attachment":[{"href":"https:\/\/stilocasa.es\/en\/wp-json\/wp\/v2\/media?parent=1505"}],"curies":[{"name":"wp","href":"https:\/\/api.w.org\/{rel}","templated":true}]}}