{"id":1507,"date":"2025-07-07T08:43:53","date_gmt":"2025-07-07T08:43:53","guid":{"rendered":"https:\/\/stilocasa.es\/?page_id=1507"},"modified":"2025-07-07T08:44:20","modified_gmt":"2025-07-07T08:44:20","slug":"politica-de-privacidad","status":"publish","type":"page","link":"https:\/\/stilocasa.es\/en\/politica-de-privacidad\/","title":{"rendered":"POL\u00cdTICA DE PRIVACIDAD"},"content":{"rendered":"<p><strong>Responsable del tratamiento:<\/strong><br>Cristina Fern\u00e1ndez Due\u00f1as \u2013 NIF: 30995828Q<br>Domicilio: Cuesta Chamorras 18, Loja (Granada)<br>Email: <a>stilocasainfo@gmail.com<\/a><\/p>\n\n\n\n<p><strong>Finalidad del tratamiento:<\/strong><br>\u2013 Atender consultas, pedidos o solicitudes realizadas a trav\u00e9s del sitio web.<br>\u2013 Enviar comunicaciones comerciales, si se ha autorizado.<br>\u2013 Gestionar la relaci\u00f3n comercial con el usuario.<\/p>\n\n\n\n<p><strong>Base legal:<\/strong><br>El consentimiento del interesado, la ejecuci\u00f3n de un contrato o el inter\u00e9s leg\u00edtimo, seg\u00fan el caso.<\/p>\n\n\n\n<p><strong>Conservaci\u00f3n de los datos:<\/strong><br>Los datos se conservar\u00e1n mientras exista una relaci\u00f3n comercial y durante los plazos legalmente exigidos para su conservaci\u00f3n.<\/p>\n\n\n\n<p><strong>Destinatarios:<\/strong><br>No se ceder\u00e1n datos a terceros, salvo obligaci\u00f3n legal o cuando sea necesario para la correcta prestaci\u00f3n del servicio (como empresas de transporte o plataformas de pago).<\/p>\n\n\n\n<p><strong>Derechos del usuario:<\/strong><br>Puedes ejercer tus derechos de acceso, rectificaci\u00f3n, supresi\u00f3n, oposici\u00f3n, portabilidad y limitaci\u00f3n escribiendo a <a>stilocasainfo@gmail.com<\/a>.<br>Tambi\u00e9n puedes reclamar ante la Agencia Espa\u00f1ola de Protecci\u00f3n de Datos: <a class=\"\" href=\"http:\/\/www.aepd.es\">www.aepd.es<\/a>.<\/p>","protected":false},"excerpt":{"rendered":"<p>Responsable del tratamiento:Cristina Fern\u00e1ndez Due\u00f1as \u2013 NIF: 30995828QDomicilio: Cuesta Chamorras 18, Loja (Granada)Email: stilocasainfo@gmail.com Finalidad del tratamiento:\u2013 Atender consultas, pedidos o solicitudes realizadas a trav\u00e9s del sitio web.\u2013 Enviar comunicaciones comerciales, si se ha autorizado.\u2013 Gestionar la relaci\u00f3n comercial con el usuario. Base legal:El consentimiento del interesado, la ejecuci\u00f3n de un contrato o el inter\u00e9s leg\u00edtimo, seg\u00fan el caso. Conservaci\u00f3n de los datos:Los datos se conservar\u00e1n mientras exista una relaci\u00f3n comercial y durante los plazos legalmente exigidos para su conservaci\u00f3n. Destinatarios:No se ceder\u00e1n datos a terceros, salvo obligaci\u00f3n legal o cuando sea necesario para la correcta prestaci\u00f3n del servicio (como empresas de transporte o plataformas de pago). Derechos del usuario:Puedes ejercer tus derechos de acceso, rectificaci\u00f3n, supresi\u00f3n, oposici\u00f3n, portabilidad y limitaci\u00f3n escribiendo a stilocasainfo@gmail.com.Tambi\u00e9n puedes reclamar ante la Agencia Espa\u00f1ola de Protecci\u00f3n de Datos: www.aepd.es.<\/p>","protected":false},"author":1,"featured_media":0,"parent":0,"menu_order":0,"comment_status":"closed","ping_status":"closed","template":"","meta":{"footnotes":""},"class_list":["post-1507","page","type-page","status-publish","hentry"],"yoast_head":"<!-- This site is optimized with the Yoast SEO plugin v27.4 - https:\/\/yoast.com\/product\/yoast-seo-wordpress\/ -->\n<title>POL\u00cdTICA DE PRIVACIDAD - Stilocasa<\/title>\n<meta name=\"robots\" content=\"index, follow, max-snippet:-1, max-image-preview:large, max-video-preview:-1\" \/>\n<link rel=\"canonical\" href=\"https:\/\/stilocasa.es\/en\/politica-de-privacidad\/\" \/>\n<meta property=\"og:locale\" content=\"en_GB\" \/>\n<meta property=\"og:type\" content=\"article\" \/>\n<meta property=\"og:title\" content=\"POL\u00cdTICA DE PRIVACIDAD - Stilocasa\" \/>\n<meta property=\"og:description\" content=\"Responsable del tratamiento:Cristina Fern\u00e1ndez Due\u00f1as \u2013 NIF: 30995828QDomicilio: Cuesta Chamorras 18, Loja (Granada)Email: stilocasainfo@gmail.com Finalidad del tratamiento:\u2013 Atender consultas, pedidos o solicitudes realizadas a trav\u00e9s del sitio web.\u2013 Enviar comunicaciones comerciales, si se ha autorizado.\u2013 Gestionar la relaci\u00f3n comercial con el usuario. Base legal:El consentimiento del interesado, la ejecuci\u00f3n de un contrato o el inter\u00e9s leg\u00edtimo, seg\u00fan el caso. Conservaci\u00f3n de los datos:Los datos se conservar\u00e1n mientras exista una relaci\u00f3n comercial y durante los plazos legalmente exigidos para su conservaci\u00f3n. Destinatarios:No se ceder\u00e1n datos a terceros, salvo obligaci\u00f3n legal o cuando sea necesario para la correcta prestaci\u00f3n del servicio (como empresas de transporte o plataformas de pago). Derechos del usuario:Puedes ejercer tus derechos de acceso, rectificaci\u00f3n, supresi\u00f3n, oposici\u00f3n, portabilidad y limitaci\u00f3n escribiendo a stilocasainfo@gmail.com.Tambi\u00e9n puedes reclamar ante la Agencia Espa\u00f1ola de Protecci\u00f3n de Datos: www.aepd.es.\" \/>\n<meta property=\"og:url\" content=\"https:\/\/stilocasa.es\/en\/politica-de-privacidad\/\" \/>\n<meta property=\"og:site_name\" content=\"Stilocasa\" \/>\n<meta property=\"article:modified_time\" content=\"2025-07-07T08:44:20+00:00\" \/>\n<meta name=\"twitter:card\" content=\"summary_large_image\" \/>\n<script type=\"application\/ld+json\" class=\"yoast-schema-graph\">{\"@context\":\"https:\\\/\\\/schema.org\",\"@graph\":[{\"@type\":\"WebPage\",\"@id\":\"https:\\\/\\\/stilocasa.es\\\/politica-de-privacidad\\\/\",\"url\":\"https:\\\/\\\/stilocasa.es\\\/politica-de-privacidad\\\/\",\"name\":\"POL\u00cdTICA DE PRIVACIDAD - Stilocasa\",\"isPartOf\":{\"@id\":\"https:\\\/\\\/darkseagreen-echidna-897378.hostingersite.com\\\/#website\"},\"datePublished\":\"2025-07-07T08:43:53+00:00\",\"dateModified\":\"2025-07-07T08:44:20+00:00\",\"breadcrumb\":{\"@id\":\"https:\\\/\\\/stilocasa.es\\\/politica-de-privacidad\\\/#breadcrumb\"},\"inLanguage\":\"en-GB\",\"potentialAction\":[{\"@type\":\"ReadAction\",\"target\":[\"https:\\\/\\\/stilocasa.es\\\/politica-de-privacidad\\\/\"]}]},{\"@type\":\"BreadcrumbList\",\"@id\":\"https:\\\/\\\/stilocasa.es\\\/politica-de-privacidad\\\/#breadcrumb\",\"itemListElement\":[{\"@type\":\"ListItem\",\"position\":1,\"name\":\"Portada\",\"item\":\"https:\\\/\\\/stilocasa.es\\\/\"},{\"@type\":\"ListItem\",\"position\":2,\"name\":\"POL\u00cdTICA DE PRIVACIDAD\"}]},{\"@type\":\"WebSite\",\"@id\":\"https:\\\/\\\/darkseagreen-echidna-897378.hostingersite.com\\\/#website\",\"url\":\"https:\\\/\\\/darkseagreen-echidna-897378.hostingersite.com\\\/\",\"name\":\"Stilocasa\",\"description\":\"Tienda online de muebles\",\"potentialAction\":[{\"@type\":\"SearchAction\",\"target\":{\"@type\":\"EntryPoint\",\"urlTemplate\":\"https:\\\/\\\/darkseagreen-echidna-897378.hostingersite.com\\\/?s={search_term_string}\"},\"query-input\":{\"@type\":\"PropertyValueSpecification\",\"valueRequired\":true,\"valueName\":\"search_term_string\"}}],\"inLanguage\":\"en-GB\"}]}<\/script>\n<!-- \/ Yoast SEO plugin. -->","yoast_head_json":{"title":"POL\u00cdTICA DE PRIVACIDAD - Stilocasa","robots":{"index":"index","follow":"follow","max-snippet":"max-snippet:-1","max-image-preview":"max-image-preview:large","max-video-preview":"max-video-preview:-1"},"canonical":"https:\/\/stilocasa.es\/en\/politica-de-privacidad\/","og_locale":"en_GB","og_type":"article","og_title":"POL\u00cdTICA DE PRIVACIDAD - Stilocasa","og_description":"Responsable del tratamiento:Cristina Fern\u00e1ndez Due\u00f1as \u2013 NIF: 30995828QDomicilio: Cuesta Chamorras 18, Loja (Granada)Email: stilocasainfo@gmail.com Finalidad del tratamiento:\u2013 Atender consultas, pedidos o solicitudes realizadas a trav\u00e9s del sitio web.\u2013 Enviar comunicaciones comerciales, si se ha autorizado.\u2013 Gestionar la relaci\u00f3n comercial con el usuario. Base legal:El consentimiento del interesado, la ejecuci\u00f3n de un contrato o el inter\u00e9s leg\u00edtimo, seg\u00fan el caso. Conservaci\u00f3n de los datos:Los datos se conservar\u00e1n mientras exista una relaci\u00f3n comercial y durante los plazos legalmente exigidos para su conservaci\u00f3n. Destinatarios:No se ceder\u00e1n datos a terceros, salvo obligaci\u00f3n legal o cuando sea necesario para la correcta prestaci\u00f3n del servicio (como empresas de transporte o plataformas de pago). Derechos del usuario:Puedes ejercer tus derechos de acceso, rectificaci\u00f3n, supresi\u00f3n, oposici\u00f3n, portabilidad y limitaci\u00f3n escribiendo a stilocasainfo@gmail.com.Tambi\u00e9n puedes reclamar ante la Agencia Espa\u00f1ola de Protecci\u00f3n de Datos: www.aepd.es.","og_url":"https:\/\/stilocasa.es\/en\/politica-de-privacidad\/","og_site_name":"Stilocasa","article_modified_time":"2025-07-07T08:44:20+00:00","twitter_card":"summary_large_image","schema":{"@context":"https:\/\/schema.org","@graph":[{"@type":"WebPage","@id":"https:\/\/stilocasa.es\/politica-de-privacidad\/","url":"https:\/\/stilocasa.es\/politica-de-privacidad\/","name":"POL\u00cdTICA DE PRIVACIDAD - Stilocasa","isPartOf":{"@id":"https:\/\/darkseagreen-echidna-897378.hostingersite.com\/#website"},"datePublished":"2025-07-07T08:43:53+00:00","dateModified":"2025-07-07T08:44:20+00:00","breadcrumb":{"@id":"https:\/\/stilocasa.es\/politica-de-privacidad\/#breadcrumb"},"inLanguage":"en-GB","potentialAction":[{"@type":"ReadAction","target":["https:\/\/stilocasa.es\/politica-de-privacidad\/"]}]},{"@type":"BreadcrumbList","@id":"https:\/\/stilocasa.es\/politica-de-privacidad\/#breadcrumb","itemListElement":[{"@type":"ListItem","position":1,"name":"Portada","item":"https:\/\/stilocasa.es\/"},{"@type":"ListItem","position":2,"name":"POL\u00cdTICA DE PRIVACIDAD"}]},{"@type":"WebSite","@id":"https:\/\/darkseagreen-echidna-897378.hostingersite.com\/#website","url":"https:\/\/darkseagreen-echidna-897378.hostingersite.com\/","name":"Stilocasa","description":"Tienda online de muebles","potentialAction":[{"@type":"SearchAction","target":{"@type":"EntryPoint","urlTemplate":"https:\/\/darkseagreen-echidna-897378.hostingersite.com\/?s={search_term_string}"},"query-input":{"@type":"PropertyValueSpecification","valueRequired":true,"valueName":"search_term_string"}}],"inLanguage":"en-GB"}]}},"acf":[],"jetpack_sharing_enabled":true,"_links":{"self":[{"href":"https:\/\/stilocasa.es\/en\/wp-json\/wp\/v2\/pages\/1507","targetHints":{"allow":["GET"]}}],"collection":[{"href":"https:\/\/stilocasa.es\/en\/wp-json\/wp\/v2\/pages"}],"about":[{"href":"https:\/\/stilocasa.es\/en\/wp-json\/wp\/v2\/types\/page"}],"author":[{"embeddable":true,"href":"https:\/\/stilocasa.es\/en\/wp-json\/wp\/v2\/users\/1"}],"replies":[{"embeddable":true,"href":"https:\/\/stilocasa.es\/en\/wp-json\/wp\/v2\/comments?post=1507"}],"version-history":[{"count":1,"href":"https:\/\/stilocasa.es\/en\/wp-json\/wp\/v2\/pages\/1507\/revisions"}],"predecessor-version":[{"id":1508,"href":"https:\/\/stilocasa.es\/en\/wp-json\/wp\/v2\/pages\/1507\/revisions\/1508"}],"wp:attachment":[{"href":"https:\/\/stilocasa.es\/en\/wp-json\/wp\/v2\/media?parent=1507"}],"curies":[{"name":"wp","href":"https:\/\/api.w.org\/{rel}","templated":true}]}}