{"id":1509,"date":"2025-07-07T08:45:00","date_gmt":"2025-07-07T08:45:00","guid":{"rendered":"https:\/\/stilocasa.es\/?page_id=1509"},"modified":"2025-07-07T08:45:01","modified_gmt":"2025-07-07T08:45:01","slug":"politica-de-cookies","status":"publish","type":"page","link":"https:\/\/stilocasa.es\/en\/politica-de-cookies\/","title":{"rendered":"POL\u00cdTICA DE COOKIES"},"content":{"rendered":"<p>Este sitio web utiliza cookies propias y de terceros para mejorar la experiencia de navegaci\u00f3n y realizar an\u00e1lisis estad\u00edsticos del uso de la web.<\/p>\n\n\n\n<p><strong>\u00bfQu\u00e9 son las cookies?<\/strong><br>Son peque\u00f1os archivos que se almacenan en tu navegador cuando visitas nuestro sitio. Sirven para recordar tus preferencias, mejorar la navegaci\u00f3n y recopilar informaci\u00f3n an\u00f3nima sobre el uso del sitio.<\/p>\n\n\n\n<p><strong>Tipos de cookies utilizadas:<\/strong><br>\u2013 <strong>T\u00e9cnicas:<\/strong> Necesarias para el funcionamiento b\u00e1sico del sitio.<br>\u2013 <strong>De an\u00e1lisis:<\/strong> Para conocer el comportamiento de los usuarios en la web (por ejemplo, mediante Google Analytics).<br>\u2013 <strong>De terceros:<\/strong> Como YouTube, Google Maps o redes sociales si se integran en la web.<\/p>\n\n\n\n<p><strong>Configuraci\u00f3n:<\/strong><br>Puedes permitir, bloquear o eliminar las cookies a trav\u00e9s de las opciones de configuraci\u00f3n de tu navegador. Si decides bloquearlas, es posible que ciertas partes del sitio no funcionen correctamente.<\/p>\n\n\n\n<p><strong>Consentimiento:<\/strong><br>Al continuar navegando por <a class=\"\" href=\"https:\/\/stilocasa.es\/en\/\">www.stilocasa.es<\/a> se entiende que aceptas el uso de cookies en los t\u00e9rminos establecidos.<\/p>","protected":false},"excerpt":{"rendered":"<p>Este sitio web utiliza cookies propias y de terceros para mejorar la experiencia de navegaci\u00f3n y realizar an\u00e1lisis estad\u00edsticos del uso de la web. \u00bfQu\u00e9 son las cookies?Son peque\u00f1os archivos que se almacenan en tu navegador cuando visitas nuestro sitio. Sirven para recordar tus preferencias, mejorar la navegaci\u00f3n y recopilar informaci\u00f3n an\u00f3nima sobre el uso del sitio. Tipos de cookies utilizadas:\u2013 T\u00e9cnicas: Necesarias para el funcionamiento b\u00e1sico del sitio.\u2013 De an\u00e1lisis: Para conocer el comportamiento de los usuarios en la web (por ejemplo, mediante Google Analytics).\u2013 De terceros: Como YouTube, Google Maps o redes sociales si se integran en la web. Configuraci\u00f3n:Puedes permitir, bloquear o eliminar las cookies a trav\u00e9s de las opciones de configuraci\u00f3n de tu navegador. Si decides bloquearlas, es posible que ciertas partes del sitio no funcionen correctamente. Consentimiento:Al continuar navegando por www.stilocasa.es se entiende que aceptas el uso de cookies en los t\u00e9rminos establecidos.<\/p>","protected":false},"author":1,"featured_media":0,"parent":0,"menu_order":0,"comment_status":"closed","ping_status":"closed","template":"","meta":{"footnotes":""},"class_list":["post-1509","page","type-page","status-publish","hentry"],"yoast_head":"<!-- This site is optimized with the Yoast SEO plugin v27.4 - https:\/\/yoast.com\/product\/yoast-seo-wordpress\/ -->\n<title>POL\u00cdTICA DE COOKIES - Stilocasa<\/title>\n<meta name=\"robots\" content=\"index, follow, max-snippet:-1, max-image-preview:large, max-video-preview:-1\" \/>\n<link rel=\"canonical\" href=\"https:\/\/stilocasa.es\/en\/politica-de-cookies\/\" \/>\n<meta property=\"og:locale\" content=\"en_GB\" \/>\n<meta property=\"og:type\" content=\"article\" \/>\n<meta property=\"og:title\" content=\"POL\u00cdTICA DE COOKIES - Stilocasa\" \/>\n<meta property=\"og:description\" content=\"Este sitio web utiliza cookies propias y de terceros para mejorar la experiencia de navegaci\u00f3n y realizar an\u00e1lisis estad\u00edsticos del uso de la web. \u00bfQu\u00e9 son las cookies?Son peque\u00f1os archivos que se almacenan en tu navegador cuando visitas nuestro sitio. Sirven para recordar tus preferencias, mejorar la navegaci\u00f3n y recopilar informaci\u00f3n an\u00f3nima sobre el uso del sitio. Tipos de cookies utilizadas:\u2013 T\u00e9cnicas: Necesarias para el funcionamiento b\u00e1sico del sitio.\u2013 De an\u00e1lisis: Para conocer el comportamiento de los usuarios en la web (por ejemplo, mediante Google Analytics).\u2013 De terceros: Como YouTube, Google Maps o redes sociales si se integran en la web. Configuraci\u00f3n:Puedes permitir, bloquear o eliminar las cookies a trav\u00e9s de las opciones de configuraci\u00f3n de tu navegador. Si decides bloquearlas, es posible que ciertas partes del sitio no funcionen correctamente. Consentimiento:Al continuar navegando por www.stilocasa.es se entiende que aceptas el uso de cookies en los t\u00e9rminos establecidos.\" \/>\n<meta property=\"og:url\" content=\"https:\/\/stilocasa.es\/en\/politica-de-cookies\/\" \/>\n<meta property=\"og:site_name\" content=\"Stilocasa\" \/>\n<meta property=\"article:modified_time\" content=\"2025-07-07T08:45:01+00:00\" \/>\n<meta name=\"twitter:card\" content=\"summary_large_image\" \/>\n<meta name=\"twitter:label1\" content=\"Estimated reading time\" \/>\n\t<meta name=\"twitter:data1\" content=\"1 minute\" \/>\n<script type=\"application\/ld+json\" class=\"yoast-schema-graph\">{\"@context\":\"https:\\\/\\\/schema.org\",\"@graph\":[{\"@type\":\"WebPage\",\"@id\":\"https:\\\/\\\/stilocasa.es\\\/politica-de-cookies\\\/\",\"url\":\"https:\\\/\\\/stilocasa.es\\\/politica-de-cookies\\\/\",\"name\":\"POL\u00cdTICA DE COOKIES - Stilocasa\",\"isPartOf\":{\"@id\":\"https:\\\/\\\/darkseagreen-echidna-897378.hostingersite.com\\\/#website\"},\"datePublished\":\"2025-07-07T08:45:00+00:00\",\"dateModified\":\"2025-07-07T08:45:01+00:00\",\"breadcrumb\":{\"@id\":\"https:\\\/\\\/stilocasa.es\\\/politica-de-cookies\\\/#breadcrumb\"},\"inLanguage\":\"en-GB\",\"potentialAction\":[{\"@type\":\"ReadAction\",\"target\":[\"https:\\\/\\\/stilocasa.es\\\/politica-de-cookies\\\/\"]}]},{\"@type\":\"BreadcrumbList\",\"@id\":\"https:\\\/\\\/stilocasa.es\\\/politica-de-cookies\\\/#breadcrumb\",\"itemListElement\":[{\"@type\":\"ListItem\",\"position\":1,\"name\":\"Portada\",\"item\":\"https:\\\/\\\/stilocasa.es\\\/\"},{\"@type\":\"ListItem\",\"position\":2,\"name\":\"POL\u00cdTICA DE COOKIES\"}]},{\"@type\":\"WebSite\",\"@id\":\"https:\\\/\\\/darkseagreen-echidna-897378.hostingersite.com\\\/#website\",\"url\":\"https:\\\/\\\/darkseagreen-echidna-897378.hostingersite.com\\\/\",\"name\":\"Stilocasa\",\"description\":\"Tienda online de muebles\",\"potentialAction\":[{\"@type\":\"SearchAction\",\"target\":{\"@type\":\"EntryPoint\",\"urlTemplate\":\"https:\\\/\\\/darkseagreen-echidna-897378.hostingersite.com\\\/?s={search_term_string}\"},\"query-input\":{\"@type\":\"PropertyValueSpecification\",\"valueRequired\":true,\"valueName\":\"search_term_string\"}}],\"inLanguage\":\"en-GB\"}]}<\/script>\n<!-- \/ Yoast SEO plugin. -->","yoast_head_json":{"title":"POL\u00cdTICA DE COOKIES - Stilocasa","robots":{"index":"index","follow":"follow","max-snippet":"max-snippet:-1","max-image-preview":"max-image-preview:large","max-video-preview":"max-video-preview:-1"},"canonical":"https:\/\/stilocasa.es\/en\/politica-de-cookies\/","og_locale":"en_GB","og_type":"article","og_title":"POL\u00cdTICA DE COOKIES - Stilocasa","og_description":"Este sitio web utiliza cookies propias y de terceros para mejorar la experiencia de navegaci\u00f3n y realizar an\u00e1lisis estad\u00edsticos del uso de la web. \u00bfQu\u00e9 son las cookies?Son peque\u00f1os archivos que se almacenan en tu navegador cuando visitas nuestro sitio. Sirven para recordar tus preferencias, mejorar la navegaci\u00f3n y recopilar informaci\u00f3n an\u00f3nima sobre el uso del sitio. Tipos de cookies utilizadas:\u2013 T\u00e9cnicas: Necesarias para el funcionamiento b\u00e1sico del sitio.\u2013 De an\u00e1lisis: Para conocer el comportamiento de los usuarios en la web (por ejemplo, mediante Google Analytics).\u2013 De terceros: Como YouTube, Google Maps o redes sociales si se integran en la web. Configuraci\u00f3n:Puedes permitir, bloquear o eliminar las cookies a trav\u00e9s de las opciones de configuraci\u00f3n de tu navegador. Si decides bloquearlas, es posible que ciertas partes del sitio no funcionen correctamente. Consentimiento:Al continuar navegando por www.stilocasa.es se entiende que aceptas el uso de cookies en los t\u00e9rminos establecidos.","og_url":"https:\/\/stilocasa.es\/en\/politica-de-cookies\/","og_site_name":"Stilocasa","article_modified_time":"2025-07-07T08:45:01+00:00","twitter_card":"summary_large_image","twitter_misc":{"Estimated reading time":"1 minute"},"schema":{"@context":"https:\/\/schema.org","@graph":[{"@type":"WebPage","@id":"https:\/\/stilocasa.es\/politica-de-cookies\/","url":"https:\/\/stilocasa.es\/politica-de-cookies\/","name":"POL\u00cdTICA DE COOKIES - Stilocasa","isPartOf":{"@id":"https:\/\/darkseagreen-echidna-897378.hostingersite.com\/#website"},"datePublished":"2025-07-07T08:45:00+00:00","dateModified":"2025-07-07T08:45:01+00:00","breadcrumb":{"@id":"https:\/\/stilocasa.es\/politica-de-cookies\/#breadcrumb"},"inLanguage":"en-GB","potentialAction":[{"@type":"ReadAction","target":["https:\/\/stilocasa.es\/politica-de-cookies\/"]}]},{"@type":"BreadcrumbList","@id":"https:\/\/stilocasa.es\/politica-de-cookies\/#breadcrumb","itemListElement":[{"@type":"ListItem","position":1,"name":"Portada","item":"https:\/\/stilocasa.es\/"},{"@type":"ListItem","position":2,"name":"POL\u00cdTICA DE COOKIES"}]},{"@type":"WebSite","@id":"https:\/\/darkseagreen-echidna-897378.hostingersite.com\/#website","url":"https:\/\/darkseagreen-echidna-897378.hostingersite.com\/","name":"Stilocasa","description":"Tienda online de muebles","potentialAction":[{"@type":"SearchAction","target":{"@type":"EntryPoint","urlTemplate":"https:\/\/darkseagreen-echidna-897378.hostingersite.com\/?s={search_term_string}"},"query-input":{"@type":"PropertyValueSpecification","valueRequired":true,"valueName":"search_term_string"}}],"inLanguage":"en-GB"}]}},"acf":[],"jetpack_sharing_enabled":true,"_links":{"self":[{"href":"https:\/\/stilocasa.es\/en\/wp-json\/wp\/v2\/pages\/1509","targetHints":{"allow":["GET"]}}],"collection":[{"href":"https:\/\/stilocasa.es\/en\/wp-json\/wp\/v2\/pages"}],"about":[{"href":"https:\/\/stilocasa.es\/en\/wp-json\/wp\/v2\/types\/page"}],"author":[{"embeddable":true,"href":"https:\/\/stilocasa.es\/en\/wp-json\/wp\/v2\/users\/1"}],"replies":[{"embeddable":true,"href":"https:\/\/stilocasa.es\/en\/wp-json\/wp\/v2\/comments?post=1509"}],"version-history":[{"count":1,"href":"https:\/\/stilocasa.es\/en\/wp-json\/wp\/v2\/pages\/1509\/revisions"}],"predecessor-version":[{"id":1510,"href":"https:\/\/stilocasa.es\/en\/wp-json\/wp\/v2\/pages\/1509\/revisions\/1510"}],"wp:attachment":[{"href":"https:\/\/stilocasa.es\/en\/wp-json\/wp\/v2\/media?parent=1509"}],"curies":[{"name":"wp","href":"https:\/\/api.w.org\/{rel}","templated":true}]}}