{"id":1391,"date":"2025-07-01T16:40:23","date_gmt":"2025-07-01T16:40:23","guid":{"rendered":"https:\/\/stilocasa.es\/?post_type=product&#038;p=1391"},"modified":"2025-07-07T06:52:21","modified_gmt":"2025-07-07T06:52:21","slug":"mesa-olmo","status":"publish","type":"product","link":"https:\/\/stilocasa.es\/en\/product\/mesa-olmo\/","title":{"rendered":"Mesa Olmo"},"content":{"rendered":"<p data-start=\"450\" data-end=\"881\">La mesa de comedor \u201cOlmo\u201d est\u00e1 dise\u00f1ada para espacios que combinan calidez y car\u00e1cter. Fabricada con una tapa de madera maciza de acacia de 36\u202fmm de grosor y una base de metal resistente, ofrece una gran estabilidad y una est\u00e9tica atemporal.<br data-start=\"716\" data-end=\"719\" \/>Su dise\u00f1o robusto con patas de 8\u00d74\u202fcm aporta personalidad al comedor, tanto en hogares como en espacios de trabajo que buscan un mobiliario duradero y con estilo.<\/p>\n<ul data-start=\"883\" data-end=\"1231\">\n<li data-start=\"883\" data-end=\"942\">\n<p data-start=\"885\" data-end=\"942\"><strong data-start=\"885\" data-end=\"900\">Materiales:<\/strong> madera maciza de acacia y base de metal<\/p>\n<\/li>\n<li data-start=\"943\" data-end=\"965\">\n<p data-start=\"945\" data-end=\"965\"><strong data-start=\"945\" data-end=\"955\">Color:<\/strong> natural<\/p>\n<\/li>\n<li data-start=\"966\" data-end=\"1026\">\n<p data-start=\"968\" data-end=\"1026\"><strong data-start=\"968\" data-end=\"984\">Dimensiones:<\/strong> 180 \u00d7 90 \u00d7 76\u202fcm (largo \u00d7 fondo \u00d7 alto)<\/p>\n<\/li>\n<li data-start=\"1027\" data-end=\"1059\">\n<p data-start=\"1029\" data-end=\"1059\"><strong data-start=\"1029\" data-end=\"1051\">Grosor de la tapa:<\/strong> 36\u202fmm<\/p>\n<\/li>\n<li data-start=\"1060\" data-end=\"1097\">\n<p data-start=\"1062\" data-end=\"1097\"><strong data-start=\"1062\" data-end=\"1086\">Grosor de las patas:<\/strong> 8 \u00d7 4\u202fcm<\/p>\n<\/li>\n<li data-start=\"1098\" data-end=\"1117\">\n<p data-start=\"1100\" data-end=\"1117\"><strong data-start=\"1100\" data-end=\"1109\">Peso:<\/strong> 80\u202fkg<\/p>\n<\/li>\n<li data-start=\"1118\" data-end=\"1142\">\n<p data-start=\"1120\" data-end=\"1142\"><strong data-start=\"1120\" data-end=\"1132\">Volumen:<\/strong> 1,23\u202fm\u00b3<\/p>\n<\/li>\n<li data-start=\"1143\" data-end=\"1172\">\n<p data-start=\"1145\" data-end=\"1172\"><strong data-start=\"1145\" data-end=\"1167\">Montaje requerido:<\/strong> s\u00ed<\/p>\n<\/li>\n<li data-start=\"1173\" data-end=\"1190\">\n<p data-start=\"1175\" data-end=\"1190\"><strong data-start=\"1175\" data-end=\"1186\">Bultos:<\/strong> 2<\/p>\n<\/li>\n<li data-start=\"1191\" data-end=\"1231\">\n<p data-start=\"1193\" data-end=\"1231\"><strong data-start=\"1193\" data-end=\"1206\">Cuidados:<\/strong> limpiar con un pa\u00f1o seco<\/p>\n<\/li>\n<\/ul>","protected":false},"excerpt":{"rendered":"<p data-start=\"450\" data-end=\"881\">Mesa de comedor de madera maciza de acacia y estructura met\u00e1lica. Estilo natural y robusto.<\/p>","protected":false},"featured_media":1392,"comment_status":"open","ping_status":"closed","template":"","meta":[],"product_brand":[],"product_cat":[61],"product_tag":[],"class_list":{"0":"post-1391","1":"product","2":"type-product","3":"status-publish","4":"has-post-thumbnail","6":"product_cat-mesas-y-sillas","8":"first","9":"instock","10":"shipping-taxable","11":"purchasable","12":"product-type-simple"},"yoast_head":"<!-- This site is optimized with the Yoast SEO plugin v27.4 - https:\/\/yoast.com\/product\/yoast-seo-wordpress\/ -->\n<title>Mesa Olmo - Stilocasa<\/title>\n<meta name=\"robots\" content=\"index, follow, max-snippet:-1, max-image-preview:large, max-video-preview:-1\" \/>\n<link rel=\"canonical\" href=\"https:\/\/stilocasa.es\/en\/product\/mesa-olmo\/\" \/>\n<meta property=\"og:locale\" content=\"en_GB\" \/>\n<meta property=\"og:type\" content=\"article\" \/>\n<meta property=\"og:title\" content=\"Mesa Olmo - Stilocasa\" \/>\n<meta property=\"og:description\" content=\"Mesa de comedor de madera maciza de acacia y estructura met\u00e1lica. Estilo natural y robusto.\" \/>\n<meta property=\"og:url\" content=\"https:\/\/stilocasa.es\/en\/product\/mesa-olmo\/\" \/>\n<meta property=\"og:site_name\" content=\"Stilocasa\" \/>\n<meta property=\"article:modified_time\" content=\"2025-07-07T06:52:21+00:00\" \/>\n<meta property=\"og:image\" content=\"https:\/\/stilocasa.es\/wp-content\/uploads\/2025\/07\/1007_2-Copy.jpg\" \/>\n\t<meta property=\"og:image:width\" content=\"2000\" \/>\n\t<meta property=\"og:image:height\" content=\"1333\" \/>\n\t<meta property=\"og:image:type\" content=\"image\/jpeg\" \/>\n<meta name=\"twitter:card\" content=\"summary_large_image\" \/>\n<meta name=\"twitter:label1\" content=\"Estimated reading time\" \/>\n\t<meta name=\"twitter:data1\" content=\"1 minute\" \/>\n<script type=\"application\/ld+json\" class=\"yoast-schema-graph\">{\"@context\":\"https:\\\/\\\/schema.org\",\"@graph\":[{\"@type\":\"WebPage\",\"@id\":\"https:\\\/\\\/stilocasa.es\\\/producto\\\/mesa-olmo\\\/\",\"url\":\"https:\\\/\\\/stilocasa.es\\\/producto\\\/mesa-olmo\\\/\",\"name\":\"Mesa Olmo - Stilocasa\",\"isPartOf\":{\"@id\":\"https:\\\/\\\/darkseagreen-echidna-897378.hostingersite.com\\\/#website\"},\"primaryImageOfPage\":{\"@id\":\"https:\\\/\\\/stilocasa.es\\\/producto\\\/mesa-olmo\\\/#primaryimage\"},\"image\":{\"@id\":\"https:\\\/\\\/stilocasa.es\\\/producto\\\/mesa-olmo\\\/#primaryimage\"},\"thumbnailUrl\":\"https:\\\/\\\/stilocasa.es\\\/wp-content\\\/uploads\\\/2025\\\/07\\\/1007_2-Copy.jpg\",\"datePublished\":\"2025-07-01T16:40:23+00:00\",\"dateModified\":\"2025-07-07T06:52:21+00:00\",\"breadcrumb\":{\"@id\":\"https:\\\/\\\/stilocasa.es\\\/producto\\\/mesa-olmo\\\/#breadcrumb\"},\"inLanguage\":\"en-GB\",\"potentialAction\":[{\"@type\":\"ReadAction\",\"target\":[\"https:\\\/\\\/stilocasa.es\\\/producto\\\/mesa-olmo\\\/\"]}]},{\"@type\":\"ImageObject\",\"inLanguage\":\"en-GB\",\"@id\":\"https:\\\/\\\/stilocasa.es\\\/producto\\\/mesa-olmo\\\/#primaryimage\",\"url\":\"https:\\\/\\\/stilocasa.es\\\/wp-content\\\/uploads\\\/2025\\\/07\\\/1007_2-Copy.jpg\",\"contentUrl\":\"https:\\\/\\\/stilocasa.es\\\/wp-content\\\/uploads\\\/2025\\\/07\\\/1007_2-Copy.jpg\",\"width\":2000,\"height\":1333},{\"@type\":\"BreadcrumbList\",\"@id\":\"https:\\\/\\\/stilocasa.es\\\/producto\\\/mesa-olmo\\\/#breadcrumb\",\"itemListElement\":[{\"@type\":\"ListItem\",\"position\":1,\"name\":\"Portada\",\"item\":\"https:\\\/\\\/stilocasa.es\\\/\"},{\"@type\":\"ListItem\",\"position\":2,\"name\":\"Shop\",\"item\":\"https:\\\/\\\/stilocasa.es\\\/shop-furniture-shop-v1\\\/\"},{\"@type\":\"ListItem\",\"position\":3,\"name\":\"Mesa Olmo\"}]},{\"@type\":\"WebSite\",\"@id\":\"https:\\\/\\\/darkseagreen-echidna-897378.hostingersite.com\\\/#website\",\"url\":\"https:\\\/\\\/darkseagreen-echidna-897378.hostingersite.com\\\/\",\"name\":\"Stilocasa\",\"description\":\"Tienda online de muebles\",\"potentialAction\":[{\"@type\":\"SearchAction\",\"target\":{\"@type\":\"EntryPoint\",\"urlTemplate\":\"https:\\\/\\\/darkseagreen-echidna-897378.hostingersite.com\\\/?s={search_term_string}\"},\"query-input\":{\"@type\":\"PropertyValueSpecification\",\"valueRequired\":true,\"valueName\":\"search_term_string\"}}],\"inLanguage\":\"en-GB\"}]}<\/script>\n<!-- \/ Yoast SEO plugin. -->","yoast_head_json":{"title":"Mesa Olmo - Stilocasa","robots":{"index":"index","follow":"follow","max-snippet":"max-snippet:-1","max-image-preview":"max-image-preview:large","max-video-preview":"max-video-preview:-1"},"canonical":"https:\/\/stilocasa.es\/en\/product\/mesa-olmo\/","og_locale":"en_GB","og_type":"article","og_title":"Mesa Olmo - Stilocasa","og_description":"Mesa de comedor de madera maciza de acacia y estructura met\u00e1lica. Estilo natural y robusto.","og_url":"https:\/\/stilocasa.es\/en\/product\/mesa-olmo\/","og_site_name":"Stilocasa","article_modified_time":"2025-07-07T06:52:21+00:00","og_image":[{"width":2000,"height":1333,"url":"https:\/\/stilocasa.es\/wp-content\/uploads\/2025\/07\/1007_2-Copy.jpg","type":"image\/jpeg"}],"twitter_card":"summary_large_image","twitter_misc":{"Estimated reading time":"1 minute"},"schema":{"@context":"https:\/\/schema.org","@graph":[{"@type":"WebPage","@id":"https:\/\/stilocasa.es\/producto\/mesa-olmo\/","url":"https:\/\/stilocasa.es\/producto\/mesa-olmo\/","name":"Mesa Olmo - Stilocasa","isPartOf":{"@id":"https:\/\/darkseagreen-echidna-897378.hostingersite.com\/#website"},"primaryImageOfPage":{"@id":"https:\/\/stilocasa.es\/producto\/mesa-olmo\/#primaryimage"},"image":{"@id":"https:\/\/stilocasa.es\/producto\/mesa-olmo\/#primaryimage"},"thumbnailUrl":"https:\/\/stilocasa.es\/wp-content\/uploads\/2025\/07\/1007_2-Copy.jpg","datePublished":"2025-07-01T16:40:23+00:00","dateModified":"2025-07-07T06:52:21+00:00","breadcrumb":{"@id":"https:\/\/stilocasa.es\/producto\/mesa-olmo\/#breadcrumb"},"inLanguage":"en-GB","potentialAction":[{"@type":"ReadAction","target":["https:\/\/stilocasa.es\/producto\/mesa-olmo\/"]}]},{"@type":"ImageObject","inLanguage":"en-GB","@id":"https:\/\/stilocasa.es\/producto\/mesa-olmo\/#primaryimage","url":"https:\/\/stilocasa.es\/wp-content\/uploads\/2025\/07\/1007_2-Copy.jpg","contentUrl":"https:\/\/stilocasa.es\/wp-content\/uploads\/2025\/07\/1007_2-Copy.jpg","width":2000,"height":1333},{"@type":"BreadcrumbList","@id":"https:\/\/stilocasa.es\/producto\/mesa-olmo\/#breadcrumb","itemListElement":[{"@type":"ListItem","position":1,"name":"Portada","item":"https:\/\/stilocasa.es\/"},{"@type":"ListItem","position":2,"name":"Shop","item":"https:\/\/stilocasa.es\/shop-furniture-shop-v1\/"},{"@type":"ListItem","position":3,"name":"Mesa Olmo"}]},{"@type":"WebSite","@id":"https:\/\/darkseagreen-echidna-897378.hostingersite.com\/#website","url":"https:\/\/darkseagreen-echidna-897378.hostingersite.com\/","name":"Stilocasa","description":"Tienda online de muebles","potentialAction":[{"@type":"SearchAction","target":{"@type":"EntryPoint","urlTemplate":"https:\/\/darkseagreen-echidna-897378.hostingersite.com\/?s={search_term_string}"},"query-input":{"@type":"PropertyValueSpecification","valueRequired":true,"valueName":"search_term_string"}}],"inLanguage":"en-GB"}]}},"acf":[],"jetpack_sharing_enabled":true,"_links":{"self":[{"href":"https:\/\/stilocasa.es\/en\/wp-json\/wp\/v2\/product\/1391","targetHints":{"allow":["GET"]}}],"collection":[{"href":"https:\/\/stilocasa.es\/en\/wp-json\/wp\/v2\/product"}],"about":[{"href":"https:\/\/stilocasa.es\/en\/wp-json\/wp\/v2\/types\/product"}],"replies":[{"embeddable":true,"href":"https:\/\/stilocasa.es\/en\/wp-json\/wp\/v2\/comments?post=1391"}],"wp:featuredmedia":[{"embeddable":true,"href":"https:\/\/stilocasa.es\/en\/wp-json\/wp\/v2\/media\/1392"}],"wp:attachment":[{"href":"https:\/\/stilocasa.es\/en\/wp-json\/wp\/v2\/media?parent=1391"}],"wp:term":[{"taxonomy":"product_brand","embeddable":true,"href":"https:\/\/stilocasa.es\/en\/wp-json\/wp\/v2\/product_brand?post=1391"},{"taxonomy":"product_cat","embeddable":true,"href":"https:\/\/stilocasa.es\/en\/wp-json\/wp\/v2\/product_cat?post=1391"},{"taxonomy":"product_tag","embeddable":true,"href":"https:\/\/stilocasa.es\/en\/wp-json\/wp\/v2\/product_tag?post=1391"}],"curies":[{"name":"wp","href":"https:\/\/api.w.org\/{rel}","templated":true}]}}