{"id":1411,"date":"2025-07-07T06:34:05","date_gmt":"2025-07-07T06:34:05","guid":{"rendered":"https:\/\/stilocasa.es\/?post_type=product&#038;p=1411"},"modified":"2025-07-07T07:02:07","modified_gmt":"2025-07-07T07:02:07","slug":"aparador-aren","status":"publish","type":"product","link":"https:\/\/stilocasa.es\/en\/product\/aparador-aren\/","title":{"rendered":"Mueble TV Aren"},"content":{"rendered":"<p data-start=\"249\" data-end=\"661\">El mueble TV <strong data-start=\"286\" data-end=\"294\">Aren<\/strong> combina la solidez de la madera de acacia con un dise\u00f1o contempor\u00e1neo de l\u00edneas geom\u00e9tricas talladas a mano. Su estructura presenta dos puertas laterales con relieves artesanales y tres cajones centrales con acabados lisos que aportan contraste visual. Una repisa abierta en la parte superior a\u00f1ade funcionalidad extra, ideal para objetos decorativos o electr\u00f3nicos.<\/p>\n<p data-start=\"663\" data-end=\"931\">Apoyado sobre una base met\u00e1lica negra con forma de X invertida, el conjunto proyecta robustez sin perder elegancia. Gracias a su dise\u00f1o moderno y natural, este aparador es ideal tanto para comedores como para salones o espacios de oficina con estilo c\u00e1lido-industrial.<\/p>\n<ul data-start=\"933\" data-end=\"1488\">\n<li data-start=\"933\" data-end=\"975\">\n<p data-start=\"935\" data-end=\"975\"><strong data-start=\"935\" data-end=\"959\">Nombre del art\u00edculo:<\/strong> Mueble TV Aren<\/p>\n<\/li>\n<li data-start=\"976\" data-end=\"1035\">\n<p data-start=\"978\" data-end=\"1035\"><strong data-start=\"978\" data-end=\"991\">Material:<\/strong> Madera maciza de acacia con base de metal<\/p>\n<\/li>\n<li data-start=\"1036\" data-end=\"1082\">\n<p data-start=\"1038\" data-end=\"1082\"><strong data-start=\"1038\" data-end=\"1048\">Color:<\/strong> Natural con base met\u00e1lica negra<\/p>\n<\/li>\n<li data-start=\"1083\" data-end=\"1143\">\n<p data-start=\"1085\" data-end=\"1143\"><strong data-start=\"1085\" data-end=\"1101\">Dimensiones:<\/strong> 160 \u00d7 37 \u00d7 70\u202fcm (largo \u00d7 fondo \u00d7 alto)<\/p>\n<\/li>\n<li data-start=\"1144\" data-end=\"1178\">\n<p data-start=\"1146\" data-end=\"1178\"><strong data-start=\"1146\" data-end=\"1155\">Peso:<\/strong> 45\u202fkg <em data-start=\"1162\" data-end=\"1176\">(aproximado)<\/em><\/p>\n<\/li>\n<li data-start=\"1179\" data-end=\"1203\">\n<p data-start=\"1181\" data-end=\"1203\"><strong data-start=\"1181\" data-end=\"1193\">Volumen:<\/strong> 0,41\u202fm\u00b3<\/p>\n<\/li>\n<li data-start=\"1204\" data-end=\"1233\">\n<p data-start=\"1206\" data-end=\"1233\"><strong data-start=\"1206\" data-end=\"1228\">Montaje requerido:<\/strong> No<\/p>\n<\/li>\n<li data-start=\"1234\" data-end=\"1251\">\n<p data-start=\"1236\" data-end=\"1251\"><strong data-start=\"1236\" data-end=\"1247\">Bultos:<\/strong> 1<\/p>\n<\/li>\n<li data-start=\"1252\" data-end=\"1295\">\n<p data-start=\"1254\" data-end=\"1295\"><strong data-start=\"1254\" data-end=\"1267\">Cuidados:<\/strong> Limpiar con un pa\u00f1o seco.<\/p>\n<\/li>\n<li data-start=\"1296\" data-end=\"1488\">\n<p data-start=\"1298\" data-end=\"1330\"><strong data-start=\"1298\" data-end=\"1328\">Observaciones adicionales:<\/strong><\/p>\n<ul data-start=\"1333\" data-end=\"1488\">\n<li data-start=\"1333\" data-end=\"1369\">\n<p data-start=\"1335\" data-end=\"1369\">Frontales de cajones: 21\u202f\u00d7\u202f44\u202fcm<\/p>\n<\/li>\n<li data-start=\"1372\" data-end=\"1409\">\n<p data-start=\"1374\" data-end=\"1409\">Interior cajones: 14\u202f\u00d7\u202f40\u202f\u00d7\u202f27\u202fcm<\/p>\n<\/li>\n<li data-start=\"1412\" data-end=\"1435\">\n<p data-start=\"1414\" data-end=\"1435\">Puertas: 40\u202f\u00d7\u202f58\u202fcm<\/p>\n<\/li>\n<li data-start=\"1438\" data-end=\"1464\">\n<p data-start=\"1440\" data-end=\"1464\">Altura estantes: 17\u202fcm<\/p>\n<\/li>\n<li data-start=\"1467\" data-end=\"1488\">\n<p data-start=\"1469\" data-end=\"1488\">Altura patas: 10\u202fcm<\/p>\n<\/li>\n<\/ul>\n<\/li>\n<\/ul>","protected":false},"excerpt":{"rendered":"<p>Aparador de madera de acacia con frontales tallados a mano y base met\u00e1lica. Dise\u00f1o natural y funcional.<\/p>","protected":false},"featured_media":1412,"comment_status":"open","ping_status":"closed","template":"","meta":[],"product_brand":[],"product_cat":[56,15],"product_tag":[],"class_list":{"0":"post-1411","1":"product","2":"type-product","3":"status-publish","4":"has-post-thumbnail","6":"product_cat-muebles-de-almacenaje","7":"product_cat-sin-categorizar","9":"first","10":"instock","11":"shipping-taxable","12":"purchasable","13":"product-type-simple"},"yoast_head":"<!-- This site is optimized with the Yoast SEO plugin v27.4 - https:\/\/yoast.com\/product\/yoast-seo-wordpress\/ -->\n<title>Mueble TV Aren - Stilocasa<\/title>\n<meta name=\"robots\" content=\"index, follow, max-snippet:-1, max-image-preview:large, max-video-preview:-1\" \/>\n<link rel=\"canonical\" href=\"https:\/\/stilocasa.es\/en\/product\/aparador-aren\/\" \/>\n<meta property=\"og:locale\" content=\"en_GB\" \/>\n<meta property=\"og:type\" content=\"article\" \/>\n<meta property=\"og:title\" content=\"Mueble TV Aren - Stilocasa\" \/>\n<meta property=\"og:description\" content=\"Aparador de madera de acacia con frontales tallados a mano y base met\u00e1lica. Dise\u00f1o natural y funcional.\" \/>\n<meta property=\"og:url\" content=\"https:\/\/stilocasa.es\/en\/product\/aparador-aren\/\" \/>\n<meta property=\"og:site_name\" content=\"Stilocasa\" \/>\n<meta property=\"article:modified_time\" content=\"2025-07-07T07:02:07+00:00\" \/>\n<meta property=\"og:image\" content=\"https:\/\/stilocasa.es\/wp-content\/uploads\/2025\/07\/1091_2-Copy.jpg\" \/>\n\t<meta property=\"og:image:width\" content=\"2000\" \/>\n\t<meta property=\"og:image:height\" content=\"1333\" \/>\n\t<meta property=\"og:image:type\" content=\"image\/jpeg\" \/>\n<meta name=\"twitter:card\" content=\"summary_large_image\" \/>\n<meta name=\"twitter:label1\" content=\"Estimated reading time\" \/>\n\t<meta name=\"twitter:data1\" content=\"1 minute\" \/>\n<script type=\"application\/ld+json\" class=\"yoast-schema-graph\">{\"@context\":\"https:\\\/\\\/schema.org\",\"@graph\":[{\"@type\":\"WebPage\",\"@id\":\"https:\\\/\\\/stilocasa.es\\\/producto\\\/aparador-aren\\\/\",\"url\":\"https:\\\/\\\/stilocasa.es\\\/producto\\\/aparador-aren\\\/\",\"name\":\"Mueble TV Aren - Stilocasa\",\"isPartOf\":{\"@id\":\"https:\\\/\\\/darkseagreen-echidna-897378.hostingersite.com\\\/#website\"},\"primaryImageOfPage\":{\"@id\":\"https:\\\/\\\/stilocasa.es\\\/producto\\\/aparador-aren\\\/#primaryimage\"},\"image\":{\"@id\":\"https:\\\/\\\/stilocasa.es\\\/producto\\\/aparador-aren\\\/#primaryimage\"},\"thumbnailUrl\":\"https:\\\/\\\/stilocasa.es\\\/wp-content\\\/uploads\\\/2025\\\/07\\\/1091_2-Copy.jpg\",\"datePublished\":\"2025-07-07T06:34:05+00:00\",\"dateModified\":\"2025-07-07T07:02:07+00:00\",\"breadcrumb\":{\"@id\":\"https:\\\/\\\/stilocasa.es\\\/producto\\\/aparador-aren\\\/#breadcrumb\"},\"inLanguage\":\"en-GB\",\"potentialAction\":[{\"@type\":\"ReadAction\",\"target\":[\"https:\\\/\\\/stilocasa.es\\\/producto\\\/aparador-aren\\\/\"]}]},{\"@type\":\"ImageObject\",\"inLanguage\":\"en-GB\",\"@id\":\"https:\\\/\\\/stilocasa.es\\\/producto\\\/aparador-aren\\\/#primaryimage\",\"url\":\"https:\\\/\\\/stilocasa.es\\\/wp-content\\\/uploads\\\/2025\\\/07\\\/1091_2-Copy.jpg\",\"contentUrl\":\"https:\\\/\\\/stilocasa.es\\\/wp-content\\\/uploads\\\/2025\\\/07\\\/1091_2-Copy.jpg\",\"width\":2000,\"height\":1333},{\"@type\":\"BreadcrumbList\",\"@id\":\"https:\\\/\\\/stilocasa.es\\\/producto\\\/aparador-aren\\\/#breadcrumb\",\"itemListElement\":[{\"@type\":\"ListItem\",\"position\":1,\"name\":\"Portada\",\"item\":\"https:\\\/\\\/stilocasa.es\\\/\"},{\"@type\":\"ListItem\",\"position\":2,\"name\":\"Shop\",\"item\":\"https:\\\/\\\/stilocasa.es\\\/shop-furniture-shop-v1\\\/\"},{\"@type\":\"ListItem\",\"position\":3,\"name\":\"Mueble TV Aren\"}]},{\"@type\":\"WebSite\",\"@id\":\"https:\\\/\\\/darkseagreen-echidna-897378.hostingersite.com\\\/#website\",\"url\":\"https:\\\/\\\/darkseagreen-echidna-897378.hostingersite.com\\\/\",\"name\":\"Stilocasa\",\"description\":\"Tienda online de muebles\",\"potentialAction\":[{\"@type\":\"SearchAction\",\"target\":{\"@type\":\"EntryPoint\",\"urlTemplate\":\"https:\\\/\\\/darkseagreen-echidna-897378.hostingersite.com\\\/?s={search_term_string}\"},\"query-input\":{\"@type\":\"PropertyValueSpecification\",\"valueRequired\":true,\"valueName\":\"search_term_string\"}}],\"inLanguage\":\"en-GB\"}]}<\/script>\n<!-- \/ Yoast SEO plugin. -->","yoast_head_json":{"title":"Mueble TV Aren - Stilocasa","robots":{"index":"index","follow":"follow","max-snippet":"max-snippet:-1","max-image-preview":"max-image-preview:large","max-video-preview":"max-video-preview:-1"},"canonical":"https:\/\/stilocasa.es\/en\/product\/aparador-aren\/","og_locale":"en_GB","og_type":"article","og_title":"Mueble TV Aren - Stilocasa","og_description":"Aparador de madera de acacia con frontales tallados a mano y base met\u00e1lica. Dise\u00f1o natural y funcional.","og_url":"https:\/\/stilocasa.es\/en\/product\/aparador-aren\/","og_site_name":"Stilocasa","article_modified_time":"2025-07-07T07:02:07+00:00","og_image":[{"width":2000,"height":1333,"url":"https:\/\/stilocasa.es\/wp-content\/uploads\/2025\/07\/1091_2-Copy.jpg","type":"image\/jpeg"}],"twitter_card":"summary_large_image","twitter_misc":{"Estimated reading time":"1 minute"},"schema":{"@context":"https:\/\/schema.org","@graph":[{"@type":"WebPage","@id":"https:\/\/stilocasa.es\/producto\/aparador-aren\/","url":"https:\/\/stilocasa.es\/producto\/aparador-aren\/","name":"Mueble TV Aren - Stilocasa","isPartOf":{"@id":"https:\/\/darkseagreen-echidna-897378.hostingersite.com\/#website"},"primaryImageOfPage":{"@id":"https:\/\/stilocasa.es\/producto\/aparador-aren\/#primaryimage"},"image":{"@id":"https:\/\/stilocasa.es\/producto\/aparador-aren\/#primaryimage"},"thumbnailUrl":"https:\/\/stilocasa.es\/wp-content\/uploads\/2025\/07\/1091_2-Copy.jpg","datePublished":"2025-07-07T06:34:05+00:00","dateModified":"2025-07-07T07:02:07+00:00","breadcrumb":{"@id":"https:\/\/stilocasa.es\/producto\/aparador-aren\/#breadcrumb"},"inLanguage":"en-GB","potentialAction":[{"@type":"ReadAction","target":["https:\/\/stilocasa.es\/producto\/aparador-aren\/"]}]},{"@type":"ImageObject","inLanguage":"en-GB","@id":"https:\/\/stilocasa.es\/producto\/aparador-aren\/#primaryimage","url":"https:\/\/stilocasa.es\/wp-content\/uploads\/2025\/07\/1091_2-Copy.jpg","contentUrl":"https:\/\/stilocasa.es\/wp-content\/uploads\/2025\/07\/1091_2-Copy.jpg","width":2000,"height":1333},{"@type":"BreadcrumbList","@id":"https:\/\/stilocasa.es\/producto\/aparador-aren\/#breadcrumb","itemListElement":[{"@type":"ListItem","position":1,"name":"Portada","item":"https:\/\/stilocasa.es\/"},{"@type":"ListItem","position":2,"name":"Shop","item":"https:\/\/stilocasa.es\/shop-furniture-shop-v1\/"},{"@type":"ListItem","position":3,"name":"Mueble TV Aren"}]},{"@type":"WebSite","@id":"https:\/\/darkseagreen-echidna-897378.hostingersite.com\/#website","url":"https:\/\/darkseagreen-echidna-897378.hostingersite.com\/","name":"Stilocasa","description":"Tienda online de muebles","potentialAction":[{"@type":"SearchAction","target":{"@type":"EntryPoint","urlTemplate":"https:\/\/darkseagreen-echidna-897378.hostingersite.com\/?s={search_term_string}"},"query-input":{"@type":"PropertyValueSpecification","valueRequired":true,"valueName":"search_term_string"}}],"inLanguage":"en-GB"}]}},"acf":[],"jetpack_sharing_enabled":true,"_links":{"self":[{"href":"https:\/\/stilocasa.es\/en\/wp-json\/wp\/v2\/product\/1411","targetHints":{"allow":["GET"]}}],"collection":[{"href":"https:\/\/stilocasa.es\/en\/wp-json\/wp\/v2\/product"}],"about":[{"href":"https:\/\/stilocasa.es\/en\/wp-json\/wp\/v2\/types\/product"}],"replies":[{"embeddable":true,"href":"https:\/\/stilocasa.es\/en\/wp-json\/wp\/v2\/comments?post=1411"}],"wp:featuredmedia":[{"embeddable":true,"href":"https:\/\/stilocasa.es\/en\/wp-json\/wp\/v2\/media\/1412"}],"wp:attachment":[{"href":"https:\/\/stilocasa.es\/en\/wp-json\/wp\/v2\/media?parent=1411"}],"wp:term":[{"taxonomy":"product_brand","embeddable":true,"href":"https:\/\/stilocasa.es\/en\/wp-json\/wp\/v2\/product_brand?post=1411"},{"taxonomy":"product_cat","embeddable":true,"href":"https:\/\/stilocasa.es\/en\/wp-json\/wp\/v2\/product_cat?post=1411"},{"taxonomy":"product_tag","embeddable":true,"href":"https:\/\/stilocasa.es\/en\/wp-json\/wp\/v2\/product_tag?post=1411"}],"curies":[{"name":"wp","href":"https:\/\/api.w.org\/{rel}","templated":true}]}}