{"id":1415,"date":"2025-07-07T06:44:10","date_gmt":"2025-07-07T06:44:10","guid":{"rendered":"https:\/\/stilocasa.es\/?post_type=product&#038;p=1415"},"modified":"2025-07-07T07:05:29","modified_gmt":"2025-07-07T07:05:29","slug":"aparador-aren-2","status":"publish","type":"product","link":"https:\/\/stilocasa.es\/en\/product\/aparador-aren-2\/","title":{"rendered":"Aparador Aren"},"content":{"rendered":"<p data-start=\"296\" data-end=\"581\">El aparador Aren combina funcionalidad y car\u00e1cter artesanal en una pieza \u00fanica de almacenamiento. Fabricado en madera maciza de acacia con base met\u00e1lica negra, destaca por sus frontales tallados a mano con un dise\u00f1o geom\u00e9trico que aporta dinamismo y elegancia.<\/p>\n<p data-start=\"583\" data-end=\"934\">Dispone de tres cajones superiores y tres puertas inferiores con estantes interiores, ideales para guardar menaje, textiles o cualquier objeto del d\u00eda a d\u00eda. Su estructura s\u00f3lida y su base met\u00e1lica en forma de aspa refuerzan su presencia escultural y moderna, convirti\u00e9ndolo en el complemento perfecto para comedores, salones o recibidores con estilo.<\/p>\n<p data-start=\"936\" data-end=\"1280\"><strong data-start=\"936\" data-end=\"960\">Nombre del art\u00edculo:<\/strong> Aparador Aren<br data-start=\"974\" data-end=\"977\" \/><strong data-start=\"977\" data-end=\"990\">Material:<\/strong> Madera maciza de acacia y estructura de metal<br data-start=\"1036\" data-end=\"1039\" \/><strong data-start=\"1039\" data-end=\"1049\">Color:<\/strong> Natural con base met\u00e1lica negra<br data-start=\"1081\" data-end=\"1084\" \/><strong data-start=\"1084\" data-end=\"1100\">Dimensiones:<\/strong> 140 \u00d7 40 \u00d7 90\u202fcm (ancho \u00d7 fondo \u00d7 alto)<br data-start=\"1140\" data-end=\"1143\" \/><strong data-start=\"1143\" data-end=\"1152\">Peso:<\/strong> 50\u202fkg (aproximado)<br data-start=\"1171\" data-end=\"1174\" \/><strong data-start=\"1174\" data-end=\"1186\" data-is-only-node=\"\">Volumen:<\/strong> 0,50\u202fm\u00b3<br data-start=\"1194\" data-end=\"1197\" \/><strong data-start=\"1197\" data-end=\"1219\">Montaje requerido:<\/strong> No<br data-start=\"1222\" data-end=\"1225\" \/><strong data-start=\"1225\" data-end=\"1236\">Bultos:<\/strong> 1<br data-start=\"1238\" data-end=\"1241\" \/><strong data-start=\"1241\" data-end=\"1254\">Cuidados:<\/strong> Limpiar con un pa\u00f1o seco.<\/p>\n<p data-start=\"1282\" data-end=\"1309\"><strong data-start=\"1282\" data-end=\"1307\">Detalles adicionales:<\/strong><\/p>\n<ul data-start=\"1310\" data-end=\"1479\">\n<li data-start=\"1310\" data-end=\"1346\">\n<p data-start=\"1312\" data-end=\"1346\">Frontales de cajones: 24 \u00d7 46\u202fcm<\/p>\n<\/li>\n<li data-start=\"1347\" data-end=\"1387\">\n<p data-start=\"1349\" data-end=\"1387\">Interior de cajones: 19 \u00d7 40 \u00d7 30\u202fcm<\/p>\n<\/li>\n<li data-start=\"1388\" data-end=\"1411\">\n<p data-start=\"1390\" data-end=\"1411\">Puertas: 52 \u00d7 46\u202fcm<\/p>\n<\/li>\n<li data-start=\"1412\" data-end=\"1452\">\n<p data-start=\"1414\" data-end=\"1452\">Altura de estantes interiores: 24\u202fcm<\/p>\n<\/li>\n<li data-start=\"1453\" data-end=\"1479\">\n<p data-start=\"1455\" data-end=\"1479\">Altura de patas: 15\u202fcm<\/p>\n<\/li>\n<\/ul>","protected":false},"excerpt":{"rendered":"<p>Aparador de acacia con 3 cajones y 3 puertas talladas a mano. Est\u00e9tica \u00e9tnica con base met\u00e1lica<\/p>","protected":false},"featured_media":1417,"comment_status":"open","ping_status":"closed","template":"","meta":[],"product_brand":[],"product_cat":[56,15],"product_tag":[],"class_list":{"0":"post-1415","1":"product","2":"type-product","3":"status-publish","4":"has-post-thumbnail","6":"product_cat-muebles-de-almacenaje","7":"product_cat-sin-categorizar","9":"first","10":"instock","11":"shipping-taxable","12":"purchasable","13":"product-type-simple"},"yoast_head":"<!-- This site is optimized with the Yoast SEO plugin v27.4 - https:\/\/yoast.com\/product\/yoast-seo-wordpress\/ -->\n<title>Aparador Aren - Stilocasa<\/title>\n<meta name=\"robots\" content=\"index, follow, max-snippet:-1, max-image-preview:large, max-video-preview:-1\" \/>\n<link rel=\"canonical\" href=\"https:\/\/stilocasa.es\/en\/product\/aparador-aren-2\/\" \/>\n<meta property=\"og:locale\" content=\"en_GB\" \/>\n<meta property=\"og:type\" content=\"article\" \/>\n<meta property=\"og:title\" content=\"Aparador Aren - Stilocasa\" \/>\n<meta property=\"og:description\" content=\"Aparador de acacia con 3 cajones y 3 puertas talladas a mano. Est\u00e9tica \u00e9tnica con base met\u00e1lica\" \/>\n<meta property=\"og:url\" content=\"https:\/\/stilocasa.es\/en\/product\/aparador-aren-2\/\" \/>\n<meta property=\"og:site_name\" content=\"Stilocasa\" \/>\n<meta property=\"article:modified_time\" content=\"2025-07-07T07:05:29+00:00\" \/>\n<meta property=\"og:image\" content=\"https:\/\/stilocasa.es\/wp-content\/uploads\/2025\/07\/1094_2-Copy.jpg\" \/>\n\t<meta property=\"og:image:width\" content=\"2000\" \/>\n\t<meta property=\"og:image:height\" content=\"1333\" \/>\n\t<meta property=\"og:image:type\" content=\"image\/jpeg\" \/>\n<meta name=\"twitter:card\" content=\"summary_large_image\" \/>\n<meta name=\"twitter:label1\" content=\"Estimated reading time\" \/>\n\t<meta name=\"twitter:data1\" content=\"1 minute\" \/>\n<script type=\"application\/ld+json\" class=\"yoast-schema-graph\">{\"@context\":\"https:\\\/\\\/schema.org\",\"@graph\":[{\"@type\":\"WebPage\",\"@id\":\"https:\\\/\\\/stilocasa.es\\\/producto\\\/aparador-aren-2\\\/\",\"url\":\"https:\\\/\\\/stilocasa.es\\\/producto\\\/aparador-aren-2\\\/\",\"name\":\"Aparador Aren - Stilocasa\",\"isPartOf\":{\"@id\":\"https:\\\/\\\/darkseagreen-echidna-897378.hostingersite.com\\\/#website\"},\"primaryImageOfPage\":{\"@id\":\"https:\\\/\\\/stilocasa.es\\\/producto\\\/aparador-aren-2\\\/#primaryimage\"},\"image\":{\"@id\":\"https:\\\/\\\/stilocasa.es\\\/producto\\\/aparador-aren-2\\\/#primaryimage\"},\"thumbnailUrl\":\"https:\\\/\\\/stilocasa.es\\\/wp-content\\\/uploads\\\/2025\\\/07\\\/1094_2-Copy.jpg\",\"datePublished\":\"2025-07-07T06:44:10+00:00\",\"dateModified\":\"2025-07-07T07:05:29+00:00\",\"breadcrumb\":{\"@id\":\"https:\\\/\\\/stilocasa.es\\\/producto\\\/aparador-aren-2\\\/#breadcrumb\"},\"inLanguage\":\"en-GB\",\"potentialAction\":[{\"@type\":\"ReadAction\",\"target\":[\"https:\\\/\\\/stilocasa.es\\\/producto\\\/aparador-aren-2\\\/\"]}]},{\"@type\":\"ImageObject\",\"inLanguage\":\"en-GB\",\"@id\":\"https:\\\/\\\/stilocasa.es\\\/producto\\\/aparador-aren-2\\\/#primaryimage\",\"url\":\"https:\\\/\\\/stilocasa.es\\\/wp-content\\\/uploads\\\/2025\\\/07\\\/1094_2-Copy.jpg\",\"contentUrl\":\"https:\\\/\\\/stilocasa.es\\\/wp-content\\\/uploads\\\/2025\\\/07\\\/1094_2-Copy.jpg\",\"width\":2000,\"height\":1333},{\"@type\":\"BreadcrumbList\",\"@id\":\"https:\\\/\\\/stilocasa.es\\\/producto\\\/aparador-aren-2\\\/#breadcrumb\",\"itemListElement\":[{\"@type\":\"ListItem\",\"position\":1,\"name\":\"Portada\",\"item\":\"https:\\\/\\\/stilocasa.es\\\/\"},{\"@type\":\"ListItem\",\"position\":2,\"name\":\"Shop\",\"item\":\"https:\\\/\\\/stilocasa.es\\\/shop-furniture-shop-v1\\\/\"},{\"@type\":\"ListItem\",\"position\":3,\"name\":\"Aparador Aren\"}]},{\"@type\":\"WebSite\",\"@id\":\"https:\\\/\\\/darkseagreen-echidna-897378.hostingersite.com\\\/#website\",\"url\":\"https:\\\/\\\/darkseagreen-echidna-897378.hostingersite.com\\\/\",\"name\":\"Stilocasa\",\"description\":\"Tienda online de muebles\",\"potentialAction\":[{\"@type\":\"SearchAction\",\"target\":{\"@type\":\"EntryPoint\",\"urlTemplate\":\"https:\\\/\\\/darkseagreen-echidna-897378.hostingersite.com\\\/?s={search_term_string}\"},\"query-input\":{\"@type\":\"PropertyValueSpecification\",\"valueRequired\":true,\"valueName\":\"search_term_string\"}}],\"inLanguage\":\"en-GB\"}]}<\/script>\n<!-- \/ Yoast SEO plugin. -->","yoast_head_json":{"title":"Aparador Aren - Stilocasa","robots":{"index":"index","follow":"follow","max-snippet":"max-snippet:-1","max-image-preview":"max-image-preview:large","max-video-preview":"max-video-preview:-1"},"canonical":"https:\/\/stilocasa.es\/en\/product\/aparador-aren-2\/","og_locale":"en_GB","og_type":"article","og_title":"Aparador Aren - Stilocasa","og_description":"Aparador de acacia con 3 cajones y 3 puertas talladas a mano. Est\u00e9tica \u00e9tnica con base met\u00e1lica","og_url":"https:\/\/stilocasa.es\/en\/product\/aparador-aren-2\/","og_site_name":"Stilocasa","article_modified_time":"2025-07-07T07:05:29+00:00","og_image":[{"width":2000,"height":1333,"url":"https:\/\/stilocasa.es\/wp-content\/uploads\/2025\/07\/1094_2-Copy.jpg","type":"image\/jpeg"}],"twitter_card":"summary_large_image","twitter_misc":{"Estimated reading time":"1 minute"},"schema":{"@context":"https:\/\/schema.org","@graph":[{"@type":"WebPage","@id":"https:\/\/stilocasa.es\/producto\/aparador-aren-2\/","url":"https:\/\/stilocasa.es\/producto\/aparador-aren-2\/","name":"Aparador Aren - Stilocasa","isPartOf":{"@id":"https:\/\/darkseagreen-echidna-897378.hostingersite.com\/#website"},"primaryImageOfPage":{"@id":"https:\/\/stilocasa.es\/producto\/aparador-aren-2\/#primaryimage"},"image":{"@id":"https:\/\/stilocasa.es\/producto\/aparador-aren-2\/#primaryimage"},"thumbnailUrl":"https:\/\/stilocasa.es\/wp-content\/uploads\/2025\/07\/1094_2-Copy.jpg","datePublished":"2025-07-07T06:44:10+00:00","dateModified":"2025-07-07T07:05:29+00:00","breadcrumb":{"@id":"https:\/\/stilocasa.es\/producto\/aparador-aren-2\/#breadcrumb"},"inLanguage":"en-GB","potentialAction":[{"@type":"ReadAction","target":["https:\/\/stilocasa.es\/producto\/aparador-aren-2\/"]}]},{"@type":"ImageObject","inLanguage":"en-GB","@id":"https:\/\/stilocasa.es\/producto\/aparador-aren-2\/#primaryimage","url":"https:\/\/stilocasa.es\/wp-content\/uploads\/2025\/07\/1094_2-Copy.jpg","contentUrl":"https:\/\/stilocasa.es\/wp-content\/uploads\/2025\/07\/1094_2-Copy.jpg","width":2000,"height":1333},{"@type":"BreadcrumbList","@id":"https:\/\/stilocasa.es\/producto\/aparador-aren-2\/#breadcrumb","itemListElement":[{"@type":"ListItem","position":1,"name":"Portada","item":"https:\/\/stilocasa.es\/"},{"@type":"ListItem","position":2,"name":"Shop","item":"https:\/\/stilocasa.es\/shop-furniture-shop-v1\/"},{"@type":"ListItem","position":3,"name":"Aparador Aren"}]},{"@type":"WebSite","@id":"https:\/\/darkseagreen-echidna-897378.hostingersite.com\/#website","url":"https:\/\/darkseagreen-echidna-897378.hostingersite.com\/","name":"Stilocasa","description":"Tienda online de muebles","potentialAction":[{"@type":"SearchAction","target":{"@type":"EntryPoint","urlTemplate":"https:\/\/darkseagreen-echidna-897378.hostingersite.com\/?s={search_term_string}"},"query-input":{"@type":"PropertyValueSpecification","valueRequired":true,"valueName":"search_term_string"}}],"inLanguage":"en-GB"}]}},"acf":[],"jetpack_sharing_enabled":true,"_links":{"self":[{"href":"https:\/\/stilocasa.es\/en\/wp-json\/wp\/v2\/product\/1415","targetHints":{"allow":["GET"]}}],"collection":[{"href":"https:\/\/stilocasa.es\/en\/wp-json\/wp\/v2\/product"}],"about":[{"href":"https:\/\/stilocasa.es\/en\/wp-json\/wp\/v2\/types\/product"}],"replies":[{"embeddable":true,"href":"https:\/\/stilocasa.es\/en\/wp-json\/wp\/v2\/comments?post=1415"}],"wp:featuredmedia":[{"embeddable":true,"href":"https:\/\/stilocasa.es\/en\/wp-json\/wp\/v2\/media\/1417"}],"wp:attachment":[{"href":"https:\/\/stilocasa.es\/en\/wp-json\/wp\/v2\/media?parent=1415"}],"wp:term":[{"taxonomy":"product_brand","embeddable":true,"href":"https:\/\/stilocasa.es\/en\/wp-json\/wp\/v2\/product_brand?post=1415"},{"taxonomy":"product_cat","embeddable":true,"href":"https:\/\/stilocasa.es\/en\/wp-json\/wp\/v2\/product_cat?post=1415"},{"taxonomy":"product_tag","embeddable":true,"href":"https:\/\/stilocasa.es\/en\/wp-json\/wp\/v2\/product_tag?post=1415"}],"curies":[{"name":"wp","href":"https:\/\/api.w.org\/{rel}","templated":true}]}}