{"id":1420,"date":"2025-07-07T06:52:03","date_gmt":"2025-07-07T06:52:03","guid":{"rendered":"https:\/\/stilocasa.es\/?post_type=product&#038;p=1420"},"modified":"2025-07-07T07:09:59","modified_gmt":"2025-07-07T07:09:59","slug":"aparador-sava","status":"publish","type":"product","link":"https:\/\/stilocasa.es\/en\/product\/aparador-sava\/","title":{"rendered":"Aparador Sava"},"content":{"rendered":"<p data-start=\"294\" data-end=\"645\">El aparador Sava combina funcionalidad y elegancia en una sola pieza. Fabricado \u00edntegramente en madera maciza de acacia, este mueble destaca por su dise\u00f1o sobrio y natural que realza la veta org\u00e1nica de la madera. Cuenta con cuatro puertas laterales y tres cajones centrales, ofreciendo un almacenamiento vers\u00e1til y espacioso.<\/p>\n<p data-start=\"647\" data-end=\"973\">Gracias a sus estantes interiores, es ideal para guardar vajilla, utensilios o textiles, manteniendo el orden en el sal\u00f3n o el comedor. Las patas met\u00e1licas aportan un sutil contraste moderno que realza su car\u00e1cter contempor\u00e1neo. Sus formas suaves y l\u00edneas limpias lo hacen perfecto tanto para ambientes r\u00fasticos como actuales.<\/p>\n<p data-start=\"975\" data-end=\"1297\"><strong data-start=\"975\" data-end=\"999\">Nombre del art\u00edculo:<\/strong> Aparador Sava \u2013 4 puertas y 3 cajones<br data-start=\"1037\" data-end=\"1040\" \/><strong data-start=\"1040\" data-end=\"1053\">Material:<\/strong> Madera maciza de acacia<br data-start=\"1077\" data-end=\"1080\" \/><strong data-start=\"1080\" data-end=\"1090\">Color:<\/strong> Natural<br data-start=\"1098\" data-end=\"1101\" \/><strong data-start=\"1101\" data-end=\"1117\">Dimensiones:<\/strong> 172 \u00d7 45 \u00d7 82\u202fcm (ancho \u00d7 fondo \u00d7 alto)<br data-start=\"1157\" data-end=\"1160\" \/><strong data-start=\"1160\" data-end=\"1169\">Peso:<\/strong> 63\u202fkg (aproximado)<br data-start=\"1188\" data-end=\"1191\" \/><strong data-start=\"1191\" data-end=\"1203\">Volumen:<\/strong> 0,63\u202fm\u00b3<br data-start=\"1211\" data-end=\"1214\" data-is-only-node=\"\" \/><strong data-start=\"1214\" data-end=\"1236\">Montaje requerido:<\/strong> No<br data-start=\"1239\" data-end=\"1242\" \/><strong data-start=\"1242\" data-end=\"1253\">Bultos:<\/strong> 1<br data-start=\"1255\" data-end=\"1258\" \/><strong data-start=\"1258\" data-end=\"1271\">Cuidados:<\/strong> Limpiar con un pa\u00f1o seco.<\/p>\n<p data-start=\"1299\" data-end=\"1326\"><strong data-start=\"1299\" data-end=\"1324\">Detalles adicionales:<\/strong><\/p>\n<ul data-start=\"1327\" data-end=\"1497\">\n<li data-start=\"1327\" data-end=\"1363\">\n<p data-start=\"1329\" data-end=\"1363\">Frontales de cajones: 17 \u00d7 43\u202fcm<\/p>\n<\/li>\n<li data-start=\"1364\" data-end=\"1401\">\n<p data-start=\"1366\" data-end=\"1401\">Interior cajones: 12 \u00d7 35 \u00d7 34\u202fcm<\/p>\n<\/li>\n<li data-start=\"1402\" data-end=\"1425\">\n<p data-start=\"1404\" data-end=\"1425\">Puertas: 57 \u00d7 28\u202fcm<\/p>\n<\/li>\n<li data-start=\"1426\" data-end=\"1466\">\n<p data-start=\"1428\" data-end=\"1466\">Altura de estantes interiores: 27\u202fcm<\/p>\n<\/li>\n<li data-start=\"1467\" data-end=\"1497\">\n<p data-start=\"1469\" data-end=\"1497\">Altura de las patas: 15\u202fcm<\/p>\n<\/li>\n<\/ul>","protected":false},"excerpt":{"rendered":"<p>Aparador de madera de acacia con dise\u00f1o limpio, 4 puertas, 3 cajones y amplia capacidad de almacenaje.<\/p>","protected":false},"featured_media":1421,"comment_status":"open","ping_status":"closed","template":"","meta":[],"product_brand":[],"product_cat":[56,15],"product_tag":[],"class_list":{"0":"post-1420","1":"product","2":"type-product","3":"status-publish","4":"has-post-thumbnail","6":"product_cat-muebles-de-almacenaje","7":"product_cat-sin-categorizar","9":"first","10":"instock","11":"shipping-taxable","12":"purchasable","13":"product-type-simple"},"yoast_head":"<!-- This site is optimized with the Yoast SEO plugin v27.4 - https:\/\/yoast.com\/product\/yoast-seo-wordpress\/ -->\n<title>Aparador Sava - Stilocasa<\/title>\n<meta name=\"robots\" content=\"index, follow, max-snippet:-1, max-image-preview:large, max-video-preview:-1\" \/>\n<link rel=\"canonical\" href=\"https:\/\/stilocasa.es\/en\/product\/aparador-sava\/\" \/>\n<meta property=\"og:locale\" content=\"en_GB\" \/>\n<meta property=\"og:type\" content=\"article\" \/>\n<meta property=\"og:title\" content=\"Aparador Sava - Stilocasa\" \/>\n<meta property=\"og:description\" content=\"Aparador de madera de acacia con dise\u00f1o limpio, 4 puertas, 3 cajones y amplia capacidad de almacenaje.\" \/>\n<meta property=\"og:url\" content=\"https:\/\/stilocasa.es\/en\/product\/aparador-sava\/\" \/>\n<meta property=\"og:site_name\" content=\"Stilocasa\" \/>\n<meta property=\"article:modified_time\" content=\"2025-07-07T07:09:59+00:00\" \/>\n<meta property=\"og:image\" content=\"https:\/\/stilocasa.es\/wp-content\/uploads\/2025\/07\/1161_2-Copy.jpg\" \/>\n\t<meta property=\"og:image:width\" content=\"2000\" \/>\n\t<meta property=\"og:image:height\" content=\"1333\" \/>\n\t<meta property=\"og:image:type\" content=\"image\/jpeg\" \/>\n<meta name=\"twitter:card\" content=\"summary_large_image\" \/>\n<meta name=\"twitter:label1\" content=\"Estimated reading time\" \/>\n\t<meta name=\"twitter:data1\" content=\"1 minute\" \/>\n<script type=\"application\/ld+json\" class=\"yoast-schema-graph\">{\"@context\":\"https:\\\/\\\/schema.org\",\"@graph\":[{\"@type\":\"WebPage\",\"@id\":\"https:\\\/\\\/stilocasa.es\\\/producto\\\/aparador-sava\\\/\",\"url\":\"https:\\\/\\\/stilocasa.es\\\/producto\\\/aparador-sava\\\/\",\"name\":\"Aparador Sava - Stilocasa\",\"isPartOf\":{\"@id\":\"https:\\\/\\\/darkseagreen-echidna-897378.hostingersite.com\\\/#website\"},\"primaryImageOfPage\":{\"@id\":\"https:\\\/\\\/stilocasa.es\\\/producto\\\/aparador-sava\\\/#primaryimage\"},\"image\":{\"@id\":\"https:\\\/\\\/stilocasa.es\\\/producto\\\/aparador-sava\\\/#primaryimage\"},\"thumbnailUrl\":\"https:\\\/\\\/stilocasa.es\\\/wp-content\\\/uploads\\\/2025\\\/07\\\/1161_2-Copy.jpg\",\"datePublished\":\"2025-07-07T06:52:03+00:00\",\"dateModified\":\"2025-07-07T07:09:59+00:00\",\"breadcrumb\":{\"@id\":\"https:\\\/\\\/stilocasa.es\\\/producto\\\/aparador-sava\\\/#breadcrumb\"},\"inLanguage\":\"en-GB\",\"potentialAction\":[{\"@type\":\"ReadAction\",\"target\":[\"https:\\\/\\\/stilocasa.es\\\/producto\\\/aparador-sava\\\/\"]}]},{\"@type\":\"ImageObject\",\"inLanguage\":\"en-GB\",\"@id\":\"https:\\\/\\\/stilocasa.es\\\/producto\\\/aparador-sava\\\/#primaryimage\",\"url\":\"https:\\\/\\\/stilocasa.es\\\/wp-content\\\/uploads\\\/2025\\\/07\\\/1161_2-Copy.jpg\",\"contentUrl\":\"https:\\\/\\\/stilocasa.es\\\/wp-content\\\/uploads\\\/2025\\\/07\\\/1161_2-Copy.jpg\",\"width\":2000,\"height\":1333},{\"@type\":\"BreadcrumbList\",\"@id\":\"https:\\\/\\\/stilocasa.es\\\/producto\\\/aparador-sava\\\/#breadcrumb\",\"itemListElement\":[{\"@type\":\"ListItem\",\"position\":1,\"name\":\"Portada\",\"item\":\"https:\\\/\\\/stilocasa.es\\\/\"},{\"@type\":\"ListItem\",\"position\":2,\"name\":\"Shop\",\"item\":\"https:\\\/\\\/stilocasa.es\\\/shop-furniture-shop-v1\\\/\"},{\"@type\":\"ListItem\",\"position\":3,\"name\":\"Aparador Sava\"}]},{\"@type\":\"WebSite\",\"@id\":\"https:\\\/\\\/darkseagreen-echidna-897378.hostingersite.com\\\/#website\",\"url\":\"https:\\\/\\\/darkseagreen-echidna-897378.hostingersite.com\\\/\",\"name\":\"Stilocasa\",\"description\":\"Tienda online de muebles\",\"potentialAction\":[{\"@type\":\"SearchAction\",\"target\":{\"@type\":\"EntryPoint\",\"urlTemplate\":\"https:\\\/\\\/darkseagreen-echidna-897378.hostingersite.com\\\/?s={search_term_string}\"},\"query-input\":{\"@type\":\"PropertyValueSpecification\",\"valueRequired\":true,\"valueName\":\"search_term_string\"}}],\"inLanguage\":\"en-GB\"}]}<\/script>\n<!-- \/ Yoast SEO plugin. -->","yoast_head_json":{"title":"Aparador Sava - Stilocasa","robots":{"index":"index","follow":"follow","max-snippet":"max-snippet:-1","max-image-preview":"max-image-preview:large","max-video-preview":"max-video-preview:-1"},"canonical":"https:\/\/stilocasa.es\/en\/product\/aparador-sava\/","og_locale":"en_GB","og_type":"article","og_title":"Aparador Sava - Stilocasa","og_description":"Aparador de madera de acacia con dise\u00f1o limpio, 4 puertas, 3 cajones y amplia capacidad de almacenaje.","og_url":"https:\/\/stilocasa.es\/en\/product\/aparador-sava\/","og_site_name":"Stilocasa","article_modified_time":"2025-07-07T07:09:59+00:00","og_image":[{"width":2000,"height":1333,"url":"https:\/\/stilocasa.es\/wp-content\/uploads\/2025\/07\/1161_2-Copy.jpg","type":"image\/jpeg"}],"twitter_card":"summary_large_image","twitter_misc":{"Estimated reading time":"1 minute"},"schema":{"@context":"https:\/\/schema.org","@graph":[{"@type":"WebPage","@id":"https:\/\/stilocasa.es\/producto\/aparador-sava\/","url":"https:\/\/stilocasa.es\/producto\/aparador-sava\/","name":"Aparador Sava - Stilocasa","isPartOf":{"@id":"https:\/\/darkseagreen-echidna-897378.hostingersite.com\/#website"},"primaryImageOfPage":{"@id":"https:\/\/stilocasa.es\/producto\/aparador-sava\/#primaryimage"},"image":{"@id":"https:\/\/stilocasa.es\/producto\/aparador-sava\/#primaryimage"},"thumbnailUrl":"https:\/\/stilocasa.es\/wp-content\/uploads\/2025\/07\/1161_2-Copy.jpg","datePublished":"2025-07-07T06:52:03+00:00","dateModified":"2025-07-07T07:09:59+00:00","breadcrumb":{"@id":"https:\/\/stilocasa.es\/producto\/aparador-sava\/#breadcrumb"},"inLanguage":"en-GB","potentialAction":[{"@type":"ReadAction","target":["https:\/\/stilocasa.es\/producto\/aparador-sava\/"]}]},{"@type":"ImageObject","inLanguage":"en-GB","@id":"https:\/\/stilocasa.es\/producto\/aparador-sava\/#primaryimage","url":"https:\/\/stilocasa.es\/wp-content\/uploads\/2025\/07\/1161_2-Copy.jpg","contentUrl":"https:\/\/stilocasa.es\/wp-content\/uploads\/2025\/07\/1161_2-Copy.jpg","width":2000,"height":1333},{"@type":"BreadcrumbList","@id":"https:\/\/stilocasa.es\/producto\/aparador-sava\/#breadcrumb","itemListElement":[{"@type":"ListItem","position":1,"name":"Portada","item":"https:\/\/stilocasa.es\/"},{"@type":"ListItem","position":2,"name":"Shop","item":"https:\/\/stilocasa.es\/shop-furniture-shop-v1\/"},{"@type":"ListItem","position":3,"name":"Aparador Sava"}]},{"@type":"WebSite","@id":"https:\/\/darkseagreen-echidna-897378.hostingersite.com\/#website","url":"https:\/\/darkseagreen-echidna-897378.hostingersite.com\/","name":"Stilocasa","description":"Tienda online de muebles","potentialAction":[{"@type":"SearchAction","target":{"@type":"EntryPoint","urlTemplate":"https:\/\/darkseagreen-echidna-897378.hostingersite.com\/?s={search_term_string}"},"query-input":{"@type":"PropertyValueSpecification","valueRequired":true,"valueName":"search_term_string"}}],"inLanguage":"en-GB"}]}},"acf":[],"jetpack_sharing_enabled":true,"_links":{"self":[{"href":"https:\/\/stilocasa.es\/en\/wp-json\/wp\/v2\/product\/1420","targetHints":{"allow":["GET"]}}],"collection":[{"href":"https:\/\/stilocasa.es\/en\/wp-json\/wp\/v2\/product"}],"about":[{"href":"https:\/\/stilocasa.es\/en\/wp-json\/wp\/v2\/types\/product"}],"replies":[{"embeddable":true,"href":"https:\/\/stilocasa.es\/en\/wp-json\/wp\/v2\/comments?post=1420"}],"wp:featuredmedia":[{"embeddable":true,"href":"https:\/\/stilocasa.es\/en\/wp-json\/wp\/v2\/media\/1421"}],"wp:attachment":[{"href":"https:\/\/stilocasa.es\/en\/wp-json\/wp\/v2\/media?parent=1420"}],"wp:term":[{"taxonomy":"product_brand","embeddable":true,"href":"https:\/\/stilocasa.es\/en\/wp-json\/wp\/v2\/product_brand?post=1420"},{"taxonomy":"product_cat","embeddable":true,"href":"https:\/\/stilocasa.es\/en\/wp-json\/wp\/v2\/product_cat?post=1420"},{"taxonomy":"product_tag","embeddable":true,"href":"https:\/\/stilocasa.es\/en\/wp-json\/wp\/v2\/product_tag?post=1420"}],"curies":[{"name":"wp","href":"https:\/\/api.w.org\/{rel}","templated":true}]}}